{"id":808,"date":"2018-11-12T21:53:00","date_gmt":"2018-11-12T20:53:00","guid":{"rendered":"http:\/\/ff-farmsen.de\/?page_id=808"},"modified":"2025-12-28T09:18:03","modified_gmt":"2025-12-28T08:18:03","slug":"geschaeftsberichte","status":"publish","type":"page","link":"https:\/\/ff-farmsen.de\/?page_id=808","title":{"rendered":"Gesch\u00e4ftsberichte"},"content":{"rendered":"<p>Hier k\u00f6nnen Sie sich unsere Gesch\u00e4ftsberichte der letzten Jahre als PDF Datei herunterladen:<\/p>\n<ul>\n<li><a href=\"https:\/\/ff-farmsen.de\/wp-content\/uploads\/2025\/12\/Geschaeftsbericht-2025.pdf\">Gesch\u00e4ftsbericht 2025<\/a><\/li>\n<li><a href=\"https:\/\/ff-farmsen.de\/wp-content\/uploads\/2025\/10\/Geschaeftsbericht-2024.pdf\">Gesch\u00e4ftsbericht 2024<\/a><\/li>\n<li><a href=\"https:\/\/ff-farmsen.de\/wp-content\/uploads\/2024\/03\/Geschaeftsbericht-2023.pdf\">Gesch\u00e4ftsbericht 2023<\/a><\/li>\n<li><a href=\"https:\/\/ff-farmsen.de\/wp-content\/uploads\/2023\/11\/Geschaeftsbericht-2022.pdf\">Gesch\u00e4ftsbericht 2022<\/a><\/li>\n<li><a href=\"https:\/\/ff-farmsen.de\/wp-content\/uploads\/2022\/04\/Geschaeftsbericht-2021.pdf\">Gesch\u00e4ftsbericht 2021<\/a><\/li>\n<li><a href=\"https:\/\/ff-farmsen.de\/wp-content\/uploads\/2021\/01\/Geschaeftsbericht-2020.pdf\">Gesch\u00e4ftsbericht 2020<\/a><\/li>\n<li><a href=\"https:\/\/ff-farmsen.de\/wp-content\/uploads\/2020\/03\/Gesch\u00e4ftsbericht-2019.pdf\">Gesch\u00e4ftsbericht 2019<\/a><\/li>\n<li><a href=\"http:\/\/ff-farmsen.de\/wp-content\/uploads\/2021\/01\/Geschaeftsbericht-2018.pdf\">Gesch\u00e4ftsbericht 2018<\/a><\/li>\n<li><a href=\"http:\/\/ff-farmsen.de\/wp-content\/uploads\/2021\/01\/Geschaeftsbericht-2017.pdf\">Gesch\u00e4ftsbericht 2017<\/a><\/li>\n<li><a href=\"http:\/\/ff-farmsen.de\/wp-content\/uploads\/2021\/01\/Geschaeftsbericht-2016.pdf\">Gesch\u00e4ftsbericht 2016<\/a><\/li>\n<li><a href=\"http:\/\/ff-farmsen.de\/wp-content\/uploads\/2021\/01\/Geschaeftsbericht-2015.pdf\">Gesch\u00e4ftsbericht 2015<\/a><\/li>\n<li><a href=\"http:\/\/ff-farmsen.de\/wp-content\/uploads\/2021\/01\/Geschaeftsbericht-2014.pdf\">Gesch\u00e4ftsbericht 2014<\/a><\/li>\n<li><a href=\"http:\/\/ff-farmsen.de\/wp-content\/uploads\/2021\/01\/Geschaeftsbericht-2013.pdf\">Gesch\u00e4ftsbericht 2013<\/a><\/li>\n<li><a href=\"http:\/\/ff-farmsen.de\/wp-content\/uploads\/2021\/01\/Geschaeftsbericht-2012.pdf\">Gesch\u00e4ftsbericht 2012<\/a><\/li>\n<li><a href=\"http:\/\/ff-farmsen.de\/wp-content\/uploads\/2021\/01\/Geschaeftsbericht-2009-2011.pdf\">Gesch\u00e4ftsbericht 2011<\/a><\/li>\n<\/ul>\n<hr \/>\n<p><a href=\"http:\/\/ff-farmsen.de\/?page_id=20\">F\u00f6rderverein<\/a> |<a href=\"http:\/\/ff-farmsen.de\/?page_id=28\">Kontakt<\/a> | <a href=\"http:\/\/ff-farmsen.de\/?page_id=216\">Beitrittserkl\u00e4rung<\/a> | <a href=\"http:\/\/ff-farmsen.de\/?page_id=26\">Spenden<\/a> | <a href=\"http:\/\/ff-farmsen.de\/?page_id=24\">Satzung<\/a>\u00a0| <a href=\"http:\/\/ff-farmsen.de\/?page_id=808\">Gesch\u00e4ftsberichte<\/a><\/p>\n","protected":false},"excerpt":{"rendered":"<p>Hier k\u00f6nnen Sie sich unsere Gesch\u00e4ftsberichte der letzten Jahre als PDF Datei herunterladen: Gesch\u00e4ftsbericht 2025 Gesch\u00e4ftsbericht 2024 Gesch\u00e4ftsbericht 2023 Gesch\u00e4ftsbericht 2022 Gesch\u00e4ftsbericht 2021 Gesch\u00e4ftsbericht 2020 Gesch\u00e4ftsbericht 2019 Gesch\u00e4ftsbericht 2018 Gesch\u00e4ftsbericht 2017 Gesch\u00e4ftsbericht 2016 Gesch\u00e4ftsbericht 2015 Gesch\u00e4ftsbericht 2014 Gesch\u00e4ftsbericht 2013 Gesch\u00e4ftsbericht 2012 Gesch\u00e4ftsbericht 2011 F\u00f6rderverein |Kontakt | Beitrittserkl\u00e4rung | Spenden | Satzung\u00a0| Gesch\u00e4ftsberichte<\/p>\n","protected":false},"author":1,"featured_media":0,"parent":20,"menu_order":0,"comment_status":"closed","ping_status":"closed","template":"","meta":{"footnotes":""},"class_list":["post-808","page","type-page","status-publish","hentry"],"_links":{"self":[{"href":"https:\/\/ff-farmsen.de\/index.php?rest_route=\/wp\/v2\/pages\/808","targetHints":{"allow":["GET"]}}],"collection":[{"href":"https:\/\/ff-farmsen.de\/index.php?rest_route=\/wp\/v2\/pages"}],"about":[{"href":"https:\/\/ff-farmsen.de\/index.php?rest_route=\/wp\/v2\/types\/page"}],"author":[{"embeddable":true,"href":"https:\/\/ff-farmsen.de\/index.php?rest_route=\/wp\/v2\/users\/1"}],"replies":[{"embeddable":true,"href":"https:\/\/ff-farmsen.de\/index.php?rest_route=%2Fwp%2Fv2%2Fcomments&post=808"}],"version-history":[{"count":26,"href":"https:\/\/ff-farmsen.de\/index.php?rest_route=\/wp\/v2\/pages\/808\/revisions"}],"predecessor-version":[{"id":2894,"href":"https:\/\/ff-farmsen.de\/index.php?rest_route=\/wp\/v2\/pages\/808\/revisions\/2894"}],"up":[{"embeddable":true,"href":"https:\/\/ff-farmsen.de\/index.php?rest_route=\/wp\/v2\/pages\/20"}],"wp:attachment":[{"href":"https:\/\/ff-farmsen.de\/index.php?rest_route=%2Fwp%2Fv2%2Fmedia&parent=808"}],"curies":[{"name":"wp","href":"https:\/\/api.w.org\/{rel}","templated":true}]}}