{"id":69,"date":"2016-11-16T16:08:16","date_gmt":"2016-11-16T15:08:16","guid":{"rendered":"http:\/\/ff-farmsen.de\/?page_id=69"},"modified":"2020-11-19T11:56:55","modified_gmt":"2020-11-19T10:56:55","slug":"kontakt","status":"publish","type":"page","link":"https:\/\/ff-farmsen.de\/?page_id=69","title":{"rendered":"Kontakt"},"content":{"rendered":"<p><strong>Freiwillige Feuerwehr Farmsen<\/strong><br \/>\nBerner Heerweg 151<br \/>\n22159 Hamburg<br \/>\nTel: (040) 42851 2912<br \/>\nMail: <a href=\"mailto:foerderverein@ff-farmsen.de\">foerderverein@ff-farmsen.de<\/a><\/p>\n<p>Wehrf\u00fchrer: Reiko Hennig &#8211;&gt; <a href=\"mailto:r.hennig@ff-farmsen.de\">r.hennig@ff-farmsen.de<\/a><br \/>\nWehrf\u00fchrer-Vertreter: Tobias Paustian &#8211;&gt; <a href=\"mailto:t.paustian@ff-farmsen.de\">t.paustian@ff-farmsen.de<\/a><br \/>\nJugendwartin: Saskia W\u00f6hrn&#8211;&gt; <a href=\"mailto:s.woehrn@ff-farmsen.de\">s.woehrn@ff-farmsen.de<\/a><br \/>\nJugendwart-Vertreter: Nils Marquis &#8211;&gt; <a href=\"mailto:t.hase@ff-farmsen.de\">n.marquis@ff-farmsen.de<\/a><br \/>\nF\u00f6rdervereins-Vorsitzender: Sascha Bruns &#8211;&gt; <a href=\"mailto:s.bruns@ff-farmsen.de\">s.bruns@ff-farmsen.de<\/a><br \/>\nWebmaster: <a href=\"mailto:webmster@ff-farmsen.de\">webmaster@ff-farmsen.de<\/a><\/p>\n","protected":false},"excerpt":{"rendered":"<p>Freiwillige Feuerwehr Farmsen Berner Heerweg 151 22159 Hamburg Tel: (040) 42851 2912 Mail: foerderverein@ff-farmsen.de Wehrf\u00fchrer: Reiko Hennig &#8211;&gt; r.hennig@ff-farmsen.de Wehrf\u00fchrer-Vertreter: Tobias Paustian &#8211;&gt; t.paustian@ff-farmsen.de Jugendwartin: Saskia W\u00f6hrn&#8211;&gt; s.woehrn@ff-farmsen.de Jugendwart-Vertreter: Nils Marquis &#8211;&gt; n.marquis@ff-farmsen.de F\u00f6rdervereins-Vorsitzender: Sascha Bruns &#8211;&gt; s.bruns@ff-farmsen.de Webmaster: webmaster@ff-farmsen.de<\/p>\n","protected":false},"author":1,"featured_media":0,"parent":0,"menu_order":0,"comment_status":"closed","ping_status":"closed","template":"","meta":{"footnotes":""},"class_list":["post-69","page","type-page","status-publish","hentry"],"_links":{"self":[{"href":"https:\/\/ff-farmsen.de\/index.php?rest_route=\/wp\/v2\/pages\/69","targetHints":{"allow":["GET"]}}],"collection":[{"href":"https:\/\/ff-farmsen.de\/index.php?rest_route=\/wp\/v2\/pages"}],"about":[{"href":"https:\/\/ff-farmsen.de\/index.php?rest_route=\/wp\/v2\/types\/page"}],"author":[{"embeddable":true,"href":"https:\/\/ff-farmsen.de\/index.php?rest_route=\/wp\/v2\/users\/1"}],"replies":[{"embeddable":true,"href":"https:\/\/ff-farmsen.de\/index.php?rest_route=%2Fwp%2Fv2%2Fcomments&post=69"}],"version-history":[{"count":9,"href":"https:\/\/ff-farmsen.de\/index.php?rest_route=\/wp\/v2\/pages\/69\/revisions"}],"predecessor-version":[{"id":1177,"href":"https:\/\/ff-farmsen.de\/index.php?rest_route=\/wp\/v2\/pages\/69\/revisions\/1177"}],"wp:attachment":[{"href":"https:\/\/ff-farmsen.de\/index.php?rest_route=%2Fwp%2Fv2%2Fmedia&parent=69"}],"curies":[{"name":"wp","href":"https:\/\/api.w.org\/{rel}","templated":true}]}}