{"id":67,"date":"2016-11-16T16:08:03","date_gmt":"2016-11-16T15:08:03","guid":{"rendered":"http:\/\/ff-farmsen.de\/?page_id=67"},"modified":"2018-10-27T15:41:49","modified_gmt":"2018-10-27T13:41:49","slug":"impressum","status":"publish","type":"page","link":"https:\/\/ff-farmsen.de\/?page_id=67","title":{"rendered":"Impressum"},"content":{"rendered":"<p><b>Angaben gem\u00e4\u00df \u00a75 TMG:<\/b><\/p>\n<p>F\u00f6rderverein der Freiwilligen Feuerwehr Farmsen e.V.<br \/>\nBerner Heerweg 151<br \/>\n22159 Hamburg<br \/>\nTelefon: +49 (0) 40 42851 2912<br \/>\nE-Mail:\u00a0<a href=\"mailto:foerderverein@ff-farmsen.de\">Mail<\/a>\u00a0oder <a href=\"http:\/\/ff-farmsen.de\/?page_id=28\">Kontakt<\/a><\/p>\n<p><b>Umsatzsteuer-Identifikationsnummer gem\u00e4\u00df \u00a727a Umsatzsteuergesetz:<\/b>\u00a0-nicht zutreffend-<br \/>\n<b>Wirtschafts-Identifikationsnummer gem\u00e4\u00df \u00a7139c Abgabenordnung:<\/b>\u00a0-nicht zutreffend-<\/p>\n<p><b>Aufsichtsbeh\u00f6rde:<\/b><\/p>\n<p>Freie und Hansestadt Hamburg<br \/>\nBeh\u00f6rde f\u00fcr Inneres und Sport<br \/>\nFeuerwehr<br \/>\nWestphalensweg 1<br \/>\n20099 Hamburg<br \/>\nTelefon: +49 (0) 40 42851-0<\/p>\n<p><b>Verantwortlich f\u00fcr den Inhalt nach \u00a755 Abs.2 RStV:<\/b><\/p>\n<p>F\u00f6rderverein der Freiwilligen Feuerwehr Farmsen e.V.<br \/>\nBerner Heerweg 151<br \/>\n22159 Hamburg<br \/>\nE-Mail:\u00a0<a href=\"mailto:foerderverein@ff-farmsen.de\">Mail<\/a>\u00a0oder\u00a0<a href=\"http:\/\/ff-farmsen.de\/?page_id=28\">Kontakt<\/a><\/p>\n<p><b>Quellenangaben f\u00fcr die verwendeten Bilder und Grafiken:<\/b><\/p>\n<p>http:\/\/www.feuerwehr-hamburg.de (Feuerwehr Hamburg)<br \/>\nhttp:\/\/www.jf-hamburg.de (Jugendfeuerwehr Hamburg)<\/p>\n<p><b>Quelle:<\/b>\u00a0Impressum-Generator des Anwalts S\u00f6ren Siebert (http:\/\/www.e-recht24.de)<\/p>\n<p><b><u>Haftungsausschluss<\/u><\/b><\/p>\n<p><b>Haftung f\u00fcr Inhalte:<\/b>\u00a0Die Inhalte unserer Seiten wurden mit gr\u00f6\u00dfter Sorgfalt erstellt. F\u00fcr die Richtigkeit, Vollst\u00e4ndigkeit und Aktualit\u00e4t der Inhalte k\u00f6nnen wir jedoch keine Gew\u00e4hr \u00fcbernehmen. Als Diensteanbieter sind wir gem\u00e4\u00df \u00a77 Abs.1 TMG f\u00fcr eigene Inhalte auf diesen Seiten nach den allgemeinen Gesetzen verantwortlich. Nach \u00a7\u00a78 bis 10 TMG sind wir als Diensteanbieter jedoch nicht verpflichtet, \u00fcbermittelte oder gespeicherte fremde Informationen zu \u00fcberwachen oder nach Umst\u00e4nden zu forschen, die auf eine rechtswidrige T\u00e4tigkeit hinweisen. Verpflichtungen zur Entfernung oder Sperrung der Nutzung von Informationen nach den allgemeinen Gesetzen bleiben hiervon unber\u00fchrt. Eine diesbez\u00fcgliche Haftung ist jedoch erst ab dem Zeitpunkt der Kenntnis einer konkreten Rechtsverletzung m\u00f6glich. Bei Bekanntwerden von entsprechenden Rechtsverletzungen werden wir diese Inhalte umgehend entfernen.<\/p>\n<p><b>Haftung f\u00fcr Links:<\/b>\u00a0Unser Angebot enth\u00e4lt Links zu externen Webseiten Dritter, auf deren Inhalte wir keinen Einfluss haben. Deshalb k\u00f6nnen wir f\u00fcr diese fremden Inhalte auch keine Gew\u00e4hr \u00fcbernehmen. F\u00fcr die Inhalte der verlinkten Seiten ist stets der jeweilige Anbieter oder Betreiber der Seiten verantwortlich. Die verlinkten Seiten wurden zum Zeitpunkt der Verlinkung auf m\u00f6gliche Rechtsverst\u00f6\u00dfe \u00fcberpr\u00fcft. Rechtswidrige Inhalte waren zum Zeitpunkt der Verlinkung nicht erkennbar. Eine permanente inhaltliche Kontrolle der verlinkten Seiten ist jedoch ohne konkrete Anhaltspunkte einer Rechtsverletzung nicht zumutbar. Bei Bekanntwerden von Rechtsverletzungen werden wir derartige Links umgehend entfernen.<\/p>\n<p><b>Urheberrecht:<\/b>\u00a0Die durch die Seitenbetreiber erstellten Inhalte und Werke auf diesen Seiten unterliegen dem deutschen Urheberrecht. Die Vervielf\u00e4ltigung, Bearbeitung, Verbreitung und jede Art der Verwertung au\u00dferhalb der Grenzen des Urheberrechtes bed\u00fcrfen der schriftlichen Zustimmung des jeweiligen Autors bzw. Erstellers. Downloads und Kopien dieser Seite sind nur f\u00fcr den privaten, nicht kommerziellen Gebrauch gestattet. Soweit die Inhalte auf dieser Seite nicht vom Betreiber erstellt wurden, werden die Urheberrechte Dritter beachtet. Insbesondere werden Inhalte Dritter als solche gekennzeichnet. Sollten Sie trotzdem auf eine Urheberrechtsverletzung aufmerksam werden, bitten wir um einen entsprechenden Hinweis. Bei Bekanntwerden von Rechtsverletzungen werden wir derartige Inhalte umgehend entfernen.\u00a0<i>Diese Urheberrechtshinweise gelten in gleicher Weise f\u00fcr urheberechtlich gesch\u00fctztes Material Dritter, die uns ihr Material freundlicherweise zur Verf\u00fcgung gestellt haben.<\/i><\/p>\n<p><b>Datenschutz:<\/b>\u00a0Die Nutzung unserer Webseite ist in der Regel ohne Angabe personenbezogener Daten m\u00f6glich. Soweit auf unseren Seiten personenbezogene Daten (beispielsweise Name, Anschrift oder eMail-Adressen) erhoben werden, erfolgt dies, soweit m\u00f6glich, stets auf freiwilliger Basis. Diese Daten werden ohne Ihre ausdr\u00fcckliche Zustimmung nicht an Dritte weitergegeben. Wir weisen darauf hin, dass die Daten\u00fcbertragung im Internet (z.B. bei der Kommunikation per E-Mail) Sicherheitsl\u00fccken aufweisen kann. Ein l\u00fcckenloser Schutz der Daten vor dem Zugriff durch Dritte ist nicht m\u00f6glich. Der Nutzung von im Rahmen der Impressumspflicht ver\u00f6ffentlichten Kontaktdaten durch Dritte zur \u00dcbersendung von nicht ausdr\u00fccklich angeforderter Werbung und Informationsmaterialien wird hiermit ausdr\u00fccklich widersprochen. Die Betreiber der Seiten behalten sich ausdr\u00fccklich rechtliche Schritte im Falle der unverlangten Zusendung von Werbeinformationen, etwa durch Spam-Mails, vor.<\/p>\n<p><b>Quellverweis:<\/b>\u00a0eRecht24 Disclaimer<\/p>\n","protected":false},"excerpt":{"rendered":"<p>Angaben gem\u00e4\u00df \u00a75 TMG: F\u00f6rderverein der Freiwilligen Feuerwehr Farmsen e.V. Berner Heerweg 151 22159 Hamburg Telefon: +49 (0) 40 42851 2912 E-Mail:\u00a0Mail\u00a0oder Kontakt Umsatzsteuer-Identifikationsnummer gem\u00e4\u00df \u00a727a Umsatzsteuergesetz:\u00a0-nicht zutreffend- Wirtschafts-Identifikationsnummer gem\u00e4\u00df \u00a7139c Abgabenordnung:\u00a0-nicht zutreffend- Aufsichtsbeh\u00f6rde: Freie und Hansestadt Hamburg Beh\u00f6rde f\u00fcr Inneres und Sport Feuerwehr Westphalensweg 1 20099 Hamburg Telefon: +49 (0) 40 42851-0 Verantwortlich f\u00fcr den Inhalt nach \u00a755 Abs.2<\/p>\n","protected":false},"author":1,"featured_media":0,"parent":0,"menu_order":0,"comment_status":"closed","ping_status":"closed","template":"","meta":{"footnotes":""},"class_list":["post-67","page","type-page","status-publish","hentry"],"_links":{"self":[{"href":"https:\/\/ff-farmsen.de\/index.php?rest_route=\/wp\/v2\/pages\/67","targetHints":{"allow":["GET"]}}],"collection":[{"href":"https:\/\/ff-farmsen.de\/index.php?rest_route=\/wp\/v2\/pages"}],"about":[{"href":"https:\/\/ff-farmsen.de\/index.php?rest_route=\/wp\/v2\/types\/page"}],"author":[{"embeddable":true,"href":"https:\/\/ff-farmsen.de\/index.php?rest_route=\/wp\/v2\/users\/1"}],"replies":[{"embeddable":true,"href":"https:\/\/ff-farmsen.de\/index.php?rest_route=%2Fwp%2Fv2%2Fcomments&post=67"}],"version-history":[{"count":5,"href":"https:\/\/ff-farmsen.de\/index.php?rest_route=\/wp\/v2\/pages\/67\/revisions"}],"predecessor-version":[{"id":763,"href":"https:\/\/ff-farmsen.de\/index.php?rest_route=\/wp\/v2\/pages\/67\/revisions\/763"}],"wp:attachment":[{"href":"https:\/\/ff-farmsen.de\/index.php?rest_route=%2Fwp%2Fv2%2Fmedia&parent=67"}],"curies":[{"name":"wp","href":"https:\/\/api.w.org\/{rel}","templated":true}]}}