{"id":5,"date":"2016-11-15T15:44:43","date_gmt":"2016-11-15T14:44:43","guid":{"rendered":"http:\/\/ff-farmsen.de\/?page_id=5"},"modified":"2024-12-06T09:38:51","modified_gmt":"2024-12-06T08:38:51","slug":"geschichte","status":"publish","type":"page","link":"https:\/\/ff-farmsen.de\/?page_id=5","title":{"rendered":"Geschichte"},"content":{"rendered":"<h3>Ahnengalarie (1878-2024)<\/h3>\n<div id=\"metaslider-id-428\" style=\"max-width: 1280px; margin: 0 auto;\" class=\"ml-slider-3-107-0 metaslider metaslider-flex metaslider-428 ml-slider has-dots-nav ms-theme-default\" role=\"region\" aria-label=\"Ahnengalarie\" data-height=\"853\" data-width=\"1280\">\n    <div id=\"metaslider_container_428\">\n        <div id=\"metaslider_428\">\n            <ul class='slides'>\n                <li style=\"display: block; width: 100%;\" class=\"slide-441 ms-image \" aria-roledescription=\"slide\" data-date=\"2017-10-29 19:35:24\" data-filename=\"FF-Farmsen-1878.jpg\" data-slide-type=\"image\"><img loading=\"lazy\" decoding=\"async\" src=\"https:\/\/ff-farmsen.de\/wp-content\/uploads\/2017\/10\/FF-Farmsen-1878.jpg\" height=\"853\" width=\"1280\" alt=\"\" class=\"slider-428 slide-441 msDefaultImage\" \/><\/li>\n                <li style=\"display: none; width: 100%;\" class=\"slide-575 ms-image \" aria-roledescription=\"slide\" data-date=\"2017-12-25 15:25:30\" data-filename=\"fffarmsen_1898.jpg\" data-slide-type=\"image\"><img loading=\"lazy\" decoding=\"async\" src=\"https:\/\/ff-farmsen.de\/wp-content\/uploads\/2017\/12\/fffarmsen_1898.jpg\" height=\"853\" width=\"1280\" alt=\"\" class=\"slider-428 slide-575 msDefaultImage\" \/><\/li>\n                <li style=\"display: none; width: 100%;\" class=\"slide-445 ms-image \" aria-roledescription=\"slide\" data-date=\"2017-10-29 19:35:25\" data-filename=\"FF-Farmsen-1901b.jpg\" data-slide-type=\"image\"><img loading=\"lazy\" decoding=\"async\" src=\"https:\/\/ff-farmsen.de\/wp-content\/uploads\/2017\/10\/FF-Farmsen-1901b.jpg\" height=\"853\" width=\"1280\" alt=\"\" class=\"slider-428 slide-445 msDefaultImage\" \/><\/li>\n                <li style=\"display: none; width: 100%;\" class=\"slide-442 ms-image \" aria-roledescription=\"slide\" data-date=\"2017-10-29 19:35:24\" data-filename=\"FF-Farmsen-1908b.jpg\" data-slide-type=\"image\"><img loading=\"lazy\" decoding=\"async\" src=\"https:\/\/ff-farmsen.de\/wp-content\/uploads\/2017\/10\/FF-Farmsen-1908b.jpg\" height=\"853\" width=\"1280\" alt=\"\" class=\"slider-428 slide-442 msDefaultImage\" \/><\/li>\n                <li style=\"display: none; width: 100%;\" class=\"slide-453 ms-image \" aria-roledescription=\"slide\" data-date=\"2017-11-02 15:01:38\" data-filename=\"FF-Farmsen-1926b.jpg\" data-slide-type=\"image\"><img loading=\"lazy\" decoding=\"async\" src=\"https:\/\/ff-farmsen.de\/wp-content\/uploads\/2017\/11\/FF-Farmsen-1926b.jpg\" height=\"853\" width=\"1280\" alt=\"\" class=\"slider-428 slide-453 msDefaultImage\" \/><\/li>\n                <li style=\"display: none; width: 100%;\" class=\"slide-579 ms-image \" aria-roledescription=\"slide\" data-date=\"2017-12-25 15:25:31\" data-filename=\"fffarmsen_1928.jpg\" data-slide-type=\"image\"><img loading=\"lazy\" decoding=\"async\" src=\"https:\/\/ff-farmsen.de\/wp-content\/uploads\/2017\/12\/fffarmsen_1928.jpg\" height=\"853\" width=\"1280\" alt=\"\" class=\"slider-428 slide-579 msDefaultImage\" \/><\/li>\n                <li style=\"display: none; width: 100%;\" class=\"slide-577 ms-image \" aria-roledescription=\"slide\" data-date=\"2017-12-25 15:25:31\" data-filename=\"fffarmsen_1937.jpg\" data-slide-type=\"image\"><img loading=\"lazy\" decoding=\"async\" src=\"https:\/\/ff-farmsen.de\/wp-content\/uploads\/2017\/12\/fffarmsen_1937.jpg\" height=\"853\" width=\"1280\" alt=\"\" class=\"slider-428 slide-577 msDefaultImage\" \/><\/li>\n                <li style=\"display: none; width: 100%;\" class=\"slide-574 ms-image \" aria-roledescription=\"slide\" data-date=\"2017-12-25 15:25:30\" data-filename=\"ffarmsen_1953.jpg\" data-slide-type=\"image\"><img loading=\"lazy\" decoding=\"async\" src=\"https:\/\/ff-farmsen.de\/wp-content\/uploads\/2017\/12\/ffarmsen_1953.jpg\" height=\"853\" width=\"1280\" alt=\"\" class=\"slider-428 slide-574 msDefaultImage\" \/><\/li>\n                <li style=\"display: none; width: 100%;\" class=\"slide-576 ms-image \" aria-roledescription=\"slide\" data-date=\"2017-12-25 15:25:30\" data-filename=\"ffarmsen_1960.jpg\" data-slide-type=\"image\"><img loading=\"lazy\" decoding=\"async\" src=\"https:\/\/ff-farmsen.de\/wp-content\/uploads\/2017\/12\/ffarmsen_1960.jpg\" height=\"853\" width=\"1280\" alt=\"\" class=\"slider-428 slide-576 msDefaultImage\" \/><\/li>\n                <li style=\"display: none; width: 100%;\" class=\"slide-443 ms-image \" aria-roledescription=\"slide\" data-date=\"2017-10-29 19:35:25\" data-filename=\"FF-Farmsen-1926b.jpg\" data-slide-type=\"image\"><img loading=\"lazy\" decoding=\"async\" src=\"https:\/\/ff-farmsen.de\/wp-content\/uploads\/2017\/10\/FF-Farmsen-1926b.jpg\" height=\"853\" width=\"1280\" alt=\"\" class=\"slider-428 slide-443 msDefaultImage\" \/><\/li>\n                <li style=\"display: none; width: 100%;\" class=\"slide-438 ms-image \" aria-roledescription=\"slide\" data-date=\"2017-10-29 19:35:24\" data-filename=\"FF-Farmsen-1979a.jpg\" data-slide-type=\"image\"><img loading=\"lazy\" decoding=\"async\" src=\"https:\/\/ff-farmsen.de\/wp-content\/uploads\/2017\/10\/FF-Farmsen-1979a.jpg\" height=\"853\" width=\"1280\" alt=\"\" class=\"slider-428 slide-438 msDefaultImage\" \/><\/li>\n                <li style=\"display: none; width: 100%;\" class=\"slide-578 ms-image \" aria-roledescription=\"slide\" data-date=\"2017-12-25 15:25:31\" data-filename=\"fffarmsen_1982.jpg\" data-slide-type=\"image\"><img loading=\"lazy\" decoding=\"async\" src=\"https:\/\/ff-farmsen.de\/wp-content\/uploads\/2017\/12\/fffarmsen_1982.jpg\" height=\"853\" width=\"1280\" alt=\"\" class=\"slider-428 slide-578 msDefaultImage\" \/><\/li>\n                <li style=\"display: none; width: 100%;\" class=\"slide-444 ms-image \" aria-roledescription=\"slide\" data-date=\"2017-10-29 19:35:25\" data-filename=\"FF-Farmsen-1991b.jpg\" data-slide-type=\"image\"><img loading=\"lazy\" decoding=\"async\" src=\"https:\/\/ff-farmsen.de\/wp-content\/uploads\/2017\/10\/FF-Farmsen-1991b.jpg\" height=\"853\" width=\"1280\" alt=\"\" class=\"slider-428 slide-444 msDefaultImage\" \/><\/li>\n                <li style=\"display: none; width: 100%;\" class=\"slide-440 ms-image \" aria-roledescription=\"slide\" data-date=\"2017-10-29 19:35:24\" data-filename=\"FF-Farmsen-1998b.jpg\" data-slide-type=\"image\"><img loading=\"lazy\" decoding=\"async\" src=\"https:\/\/ff-farmsen.de\/wp-content\/uploads\/2017\/10\/FF-Farmsen-1998b.jpg\" height=\"853\" width=\"1280\" alt=\"\" class=\"slider-428 slide-440 msDefaultImage\" \/><\/li>\n                <li style=\"display: none; width: 100%;\" class=\"slide-446 ms-image \" aria-roledescription=\"slide\" data-date=\"2017-10-29 19:35:25\" data-filename=\"FF-und-JF-Farmsen-2015-Galerie2.jpg\" data-slide-type=\"image\"><img loading=\"lazy\" decoding=\"async\" src=\"https:\/\/ff-farmsen.de\/wp-content\/uploads\/2017\/10\/FF-und-JF-Farmsen-2015-Galerie2.jpg\" height=\"853\" width=\"1280\" alt=\"\" class=\"slider-428 slide-446 msDefaultImage\" \/><\/li>\n                <li style=\"display: none; width: 100%;\" class=\"slide-2554 ms-image \" aria-roledescription=\"slide\" data-date=\"2024-12-06 09:22:58\" data-filename=\"Gesamt-2024-bearbeitet-scaled-1280x853.jpg\" data-slide-type=\"image\"><img loading=\"lazy\" decoding=\"async\" src=\"https:\/\/ff-farmsen.de\/wp-content\/uploads\/2024\/11\/Gesamt-2024-bearbeitet-scaled-1280x853.jpg\" height=\"853\" width=\"1280\" alt=\"\" class=\"slider-428 slide-2554 msDefaultImage\" title=\"Gesamt 2024 (bearbeitet)\" \/><\/li>\n            <\/ul>\n        <\/div>\n        \n    <\/div>\n<\/div>\n<h3><strong>Geschichte der FF-Farmsen, von 1878 bis heute<\/strong><\/h3>\n<p>Im Jahr 1878 erkannten die Einwohner des fr\u00fcheren Dorfes Farmsen, \u00fcberwiegend Bauern, dass eine Freiwillige Feuerwehr den Brandschutz sicherstellen musste. Dieses war die Geburtsstunde der FF Farmsen. Erst 1898 wurde das erste Feuerwehrhaus in Farmsen gebaut. Zum 50j\u00e4hrigen Jubil\u00e4um wurde 1928 das Feuerwehrhaus an der Hauptstra\u00dfe 141 (die heutige Notfallpraxis Berner Heerweg 124) errichtet. 1980 wurde dann das heutige Feuerwehrhaus am Berner Heerweg 151 bezogen.<\/p>\n<p>Ende des 18. Jahrhunderts wurde mit der Gr\u00fcndung auch die erste Handdruckspritze der Farmsener Wehr mit Hilfe von Spendengeldern angeschafft. Von den Pferden, die die Bauern im Wechsel stellen mussten, wurde sie zur Einsatzstelle gezogen. Abgel\u00f6st wurde sie 1925 von einer ebenfalls mit Pferden gezogene Motorspritze, bis endlich 1938 der erste Mannschaftswagen der Wehr in Betrieb genommen wurde. <\/p>\n<p><img loading=\"lazy\" decoding=\"async\" class=\"alignnone wp-image-365 \" src=\"http:\/\/ff-farmsen.de\/wp-content\/uploads\/2016\/11\/historiebild1.jpg\" alt=\"\" width=\"221\" height=\"166\" \/> <img loading=\"lazy\" decoding=\"async\" class=\" wp-image-363 alignnone\" src=\"http:\/\/ff-farmsen.de\/wp-content\/uploads\/2016\/11\/historibild6.jpg\" alt=\"\" width=\"231\" height=\"167\" \/> <img loading=\"lazy\" decoding=\"async\" class=\" wp-image-448 alignnone\" src=\"https:\/\/ff-farmsen.de\/wp-content\/uploads\/2024\/11\/FF-Farmsen-2024-Flyer-1024x512.jpg\" alt=\"\" width=\"335\" height=\"167\" \/> <\/p>\n<p>Heute stehen der FF Farmsen zwei den Anforderungen entsprechend ausger\u00fcstete L\u00f6schfahrzeuge zur Verf\u00fcgung. Das erste L\u00f6schfahrzeug in der Remise ist das 2024 in Dienst gestellte\u00a0 <a href=\"http:\/\/ff-farmsen.de\/?page_id=2408\">HLF 20<\/a>, als zweites L\u00f6schfahrzeug verf\u00fcgt die FF-Farmsen seit 2005 \u00fcber ein <a href=\"http:\/\/ff-farmsen.de\/?page_id=39\">LF 16 KatS<\/a>. Daneben kann die Wehr einen im Jahr 2023 durch den gemeinn\u00fctzigen F\u00f6rderverein der Freiwilligen Feuerwehr Farmsen e.V. angeschafften Mercedes Sprinter als Mannschaftstransporter nutzen.<\/p>\n<p>Fr\u00fcher erklang das Feuerhorn und sp\u00e4ter elektrische Sirenensignale, w\u00e4hrend die Mitglieder der Einsatzabteilung heute f\u00fcr den B\u00fcrger unbemerkt \u00fcber Funkmeldeempf\u00e4nger zus\u00e4tzlich zu einer Handy-Alarmierung zu den \u00fcber 100 Eins\u00e4tzen j\u00e4hrlich in Farmsen und Umgebung mit den Schwerpunkten Brandschutz und Technische Hilfeleistung gerufen werden.<\/p>\n<p>Im Jahr 1974 wurde die Jugendfeuerwehr gegr\u00fcndet und damit die erfolgreiche Jugendarbeit in der FF Farmsen begonnen, durch die schon viele Mitglieder f\u00fcr die Einsatzabteilung gewonnen werden konnten.<\/p>\n<hr \/>\n<p><a href=\"http:\/\/ff-farmsen.de\/?page_id=45\">Wehr<\/a> |<a href=\"http:\/\/ff-farmsen.de\/?page_id=14\">Dienstplan<\/a> | <a href=\"http:\/\/ff-farmsen.de\/?page_id=1748\">Mannschaft<\/a> | <a href=\"http:\/\/ff-farmsen.de\/?page_id=116\">Eins\u00e4tze<\/a> | <a href=\"http:\/\/ff-farmsen.de\/?page_id=5\">Geschichte<\/a><\/p>\n","protected":false},"excerpt":{"rendered":"<p>Ahnengalarie (1878-2024) Geschichte der FF-Farmsen, von 1878 bis heute Im Jahr 1878 erkannten die Einwohner des fr\u00fcheren Dorfes Farmsen, \u00fcberwiegend Bauern, dass eine Freiwillige Feuerwehr den Brandschutz sicherstellen musste. Dieses war die Geburtsstunde der FF Farmsen. Erst 1898 wurde das erste Feuerwehrhaus in Farmsen gebaut. Zum 50j\u00e4hrigen Jubil\u00e4um wurde 1928 das Feuerwehrhaus an der Hauptstra\u00dfe 141 (die heutige Notfallpraxis Berner<\/p>\n","protected":false},"author":1,"featured_media":0,"parent":45,"menu_order":0,"comment_status":"closed","ping_status":"closed","template":"","meta":{"footnotes":""},"class_list":["post-5","page","type-page","status-publish","hentry"],"_links":{"self":[{"href":"https:\/\/ff-farmsen.de\/index.php?rest_route=\/wp\/v2\/pages\/5","targetHints":{"allow":["GET"]}}],"collection":[{"href":"https:\/\/ff-farmsen.de\/index.php?rest_route=\/wp\/v2\/pages"}],"about":[{"href":"https:\/\/ff-farmsen.de\/index.php?rest_route=\/wp\/v2\/types\/page"}],"author":[{"embeddable":true,"href":"https:\/\/ff-farmsen.de\/index.php?rest_route=\/wp\/v2\/users\/1"}],"replies":[{"embeddable":true,"href":"https:\/\/ff-farmsen.de\/index.php?rest_route=%2Fwp%2Fv2%2Fcomments&post=5"}],"version-history":[{"count":28,"href":"https:\/\/ff-farmsen.de\/index.php?rest_route=\/wp\/v2\/pages\/5\/revisions"}],"predecessor-version":[{"id":2558,"href":"https:\/\/ff-farmsen.de\/index.php?rest_route=\/wp\/v2\/pages\/5\/revisions\/2558"}],"up":[{"embeddable":true,"href":"https:\/\/ff-farmsen.de\/index.php?rest_route=\/wp\/v2\/pages\/45"}],"wp:attachment":[{"href":"https:\/\/ff-farmsen.de\/index.php?rest_route=%2Fwp%2Fv2%2Fmedia&parent=5"}],"curies":[{"name":"wp","href":"https:\/\/api.w.org\/{rel}","templated":true}]}}