{"id":45,"date":"2016-11-16T15:54:05","date_gmt":"2016-11-16T14:54:05","guid":{"rendered":"http:\/\/ff-farmsen.de\/?page_id=45"},"modified":"2023-01-02T08:52:37","modified_gmt":"2023-01-02T07:52:37","slug":"wehr","status":"publish","type":"page","link":"https:\/\/ff-farmsen.de\/?page_id=45","title":{"rendered":"Wehr"},"content":{"rendered":"<p>Die <a href=\"http:\/\/ff-farmsen.de\/?page_id=7\"><strong><span style=\"color: #000000;\">Freiwillige Feuerwehr Farmsen<\/span><\/strong><\/a> ist eine von 86 Freiwilligen Feuerwehren im Hamburger Stadtgebiet. Die FF Farmsen wird j\u00e4hrlich zu rund 100 Eins\u00e4tzen alarmiert. Sie ist bei gr\u00f6\u00dferen Schadenslagen, einer Unterbesetzung beziehungsweise anderweitigen Alarmierung der \u00f6rtlichen Berufsfeuerwehren oder in Vertretung f\u00fcr andere Wehren auch \u00fcber die Stadtteilgrenzen hinaus t\u00e4tig. Hierf\u00fcr verf\u00fcgt die Freiwillige Feuerwehr Farmsen \u00fcber zwei L\u00f6schfahrzeuge mit einer umfangreichen Ausstattung.<\/p>\n<p>Neben der Brandbek\u00e4mpfung liegt ein Schwerpunkt der Einsatzt\u00e4tigkeit in der technischen Hilfeleistung, wie die Rettung eingeklemmter Personen bei Verkehrsunf\u00e4llen oder Ma\u00dfnahmen nach Unwetterereignissen. Die Wehrangeh\u00f6rigen werden im Anschluss an eine Grundausbildung im Bereich Wandsbek an der Feuerwehrakademie Hamburg aus- und regelm\u00e4\u00dfig fortgebildet. Zu nennen sind hier beispielsweise die Ausbildungen in der patientengerechten Rettung, zum Atemschutzger\u00e4tetr\u00e4ger, Maschinisten (einschlie\u00dflich des LKW-F\u00fchrerscheins), Sanit\u00e4ter, Kettens\u00e4genf\u00fchrer oder Einsatzleiter. Dar\u00fcber hinaus haben die Mitglieder der Einsatzabteilung zweimal monatlich an wehrinternen Ausbildungsdiensten teilzunehmen.<\/p>\n<p>Die <span style=\"color: #000000;\"><a href=\"http:\/\/ff-farmsen.de\/?page_id=18\"><strong><span style=\"color: #000000;\">Jugendfeuerwehr Farmsen<\/span><\/strong><\/a> <\/span>trifft sich w\u00f6chentlich zu \u00dcbungsabenden. Daneben nimmt sie auf Landesebene an Wettk\u00e4mpfen und Pr\u00fcfungen teil. Die \u00fcberwiegende Zahl der neuen Mitglieder der Einsatzabteilung wird aus der eigenen Jugendfeuerwehr gewonnen. Deren F\u00f6rderung und Unterst\u00fctzung kommt daher eine hohe Bedeutung zum Erhalt der Einsatzf\u00e4higkeit der Freiwilligen Feuerwehr Farmsen zu.<\/p>\n<p>Der <span style=\"color: #000000;\"><a href=\"http:\/\/ff-farmsen.de\/?page_id=20\"><strong><span style=\"color: #000000;\">F\u00f6rderverein der Freiwilligen Feuerwehr Farmsen e.V.<\/span><\/strong> <\/a><\/span>hat in Zeiten zunehmender Nachwuchsprobleme einen T\u00e4tigkeitsschwerpunkt darin, den Bekanntheitsgrad der Freiwilligen Feuerwehr Farmsen im Stadtteil zu erh\u00f6hen. In einer Gro\u00dfstadt wie Hamburg ist es vielen B\u00fcrgern nicht bewusst, dass es neben der Berufsfeuerwehr \u00fcberhaupt eine Freiwillige Feuerwehr gibt und wie unverzichtbar diese f\u00fcr die Bew\u00e4ltigung des Einsatzgeschehens in Hamburg ist. Die Kenntnis hier\u00fcber ist aber eine Grundvoraussetzung, um neue Mitglieder f\u00fcr die Jugendfeuerwehr und die Einsatzabteilung zu gewinnen.<\/p>\n<hr \/>\n<p><a href=\"http:\/\/ff-farmsen.de\/?page_id=45\">Wehr<\/a> |<a href=\"http:\/\/ff-farmsen.de\/?page_id=14\">Dienstplan<\/a> | <a href=\"http:\/\/ff-farmsen.de\/?page_id=1748\">Mannschaft<\/a> | <a href=\"http:\/\/ff-farmsen.de\/?page_id=116\">Eins\u00e4tze<\/a> | <a href=\"http:\/\/ff-farmsen.de\/?page_id=5\">Geschichte<\/a><\/p>\n","protected":false},"excerpt":{"rendered":"<p>Die Freiwillige Feuerwehr Farmsen ist eine von 86 Freiwilligen Feuerwehren im Hamburger Stadtgebiet. Die FF Farmsen wird j\u00e4hrlich zu rund 100 Eins\u00e4tzen alarmiert. Sie ist bei gr\u00f6\u00dferen Schadenslagen, einer Unterbesetzung beziehungsweise anderweitigen Alarmierung der \u00f6rtlichen Berufsfeuerwehren oder in Vertretung f\u00fcr andere Wehren auch \u00fcber die Stadtteilgrenzen hinaus t\u00e4tig. Hierf\u00fcr verf\u00fcgt die Freiwillige Feuerwehr Farmsen \u00fcber zwei L\u00f6schfahrzeuge mit einer umfangreichen<\/p>\n","protected":false},"author":1,"featured_media":0,"parent":0,"menu_order":0,"comment_status":"closed","ping_status":"closed","template":"","meta":{"footnotes":""},"class_list":["post-45","page","type-page","status-publish","hentry"],"_links":{"self":[{"href":"https:\/\/ff-farmsen.de\/index.php?rest_route=\/wp\/v2\/pages\/45","targetHints":{"allow":["GET"]}}],"collection":[{"href":"https:\/\/ff-farmsen.de\/index.php?rest_route=\/wp\/v2\/pages"}],"about":[{"href":"https:\/\/ff-farmsen.de\/index.php?rest_route=\/wp\/v2\/types\/page"}],"author":[{"embeddable":true,"href":"https:\/\/ff-farmsen.de\/index.php?rest_route=\/wp\/v2\/users\/1"}],"replies":[{"embeddable":true,"href":"https:\/\/ff-farmsen.de\/index.php?rest_route=%2Fwp%2Fv2%2Fcomments&post=45"}],"version-history":[{"count":10,"href":"https:\/\/ff-farmsen.de\/index.php?rest_route=\/wp\/v2\/pages\/45\/revisions"}],"predecessor-version":[{"id":1888,"href":"https:\/\/ff-farmsen.de\/index.php?rest_route=\/wp\/v2\/pages\/45\/revisions\/1888"}],"wp:attachment":[{"href":"https:\/\/ff-farmsen.de\/index.php?rest_route=%2Fwp%2Fv2%2Fmedia&parent=45"}],"curies":[{"name":"wp","href":"https:\/\/api.w.org\/{rel}","templated":true}]}}