{"id":43,"date":"2016-11-16T15:51:12","date_gmt":"2016-11-16T14:51:12","guid":{"rendered":"http:\/\/ff-farmsen.de\/?page_id=43"},"modified":"2025-06-30T18:24:52","modified_gmt":"2025-06-30T16:24:52","slug":"alarmierung","status":"publish","type":"page","link":"https:\/\/ff-farmsen.de\/?page_id=43","title":{"rendered":"Alarmierung"},"content":{"rendered":"<p><img loading=\"lazy\" decoding=\"async\" class=\"size-medium wp-image-421 alignright\" src=\"https:\/\/ff-farmsen.de\/wp-content\/uploads\/2025\/06\/DME.png\" alt=\"\" width=\"300\" height=\"300\" \/>Die Mitglieder der Freiwilligen Feuerwehr Hamburg werden \u00fcber digitale Meldeempf\u00e4nger von der Einsatzzentrale alarmiert. Jedes Mitglied erh\u00e4lt auf dem Meldeempf\u00e4nger eine Kurzinformation bez\u00fcglich Einsatzstichwort, Einsatzort und den alarmierten Kr\u00e4ften.<\/p>\n<p>Nach der Alarmierung begeben sich die Mitglieder auf schnellstem Wege zum Feuerwehrhaus, wo Sie sich mit ihrer pers\u00f6nlichen Schutzausrustung ausr\u00fcsten und die Fahrzeuge besetzen.<\/p>\n<p>Parallel zur Alarmierung auf den Meldeempf\u00e4ngern wird auch eine Einsatzdepesche mit mehr Einsatzinformationen per Fax an das Feuerwehrhaus geschickt. Hier\u00fcber erhalten die Einsatzkr\u00e4fte zus\u00e4tzliche Informationen wie z.B. Anfahrtswege, Hydranten oder Besonderheiten zu den Objekten.<\/p>\n<p>Damit die Einsatzzentrale den aktuellen Status der Einsatzkr\u00e4fte kennt, wird \u00fcber Funk ein Status (zum Beispiel &#8222;ausger\u00fcckt&#8220; oder &#8222;am Einsatzort angekommen&#8220;) gesendet.<\/p>\n<hr \/>\n<p><a href=\"http:\/\/ff-farmsen.de\/?page_id=16\">Technik<\/a> |<a href=\"http:\/\/ff-farmsen.de\/?page_id=2408\">HLF 20<\/a> | <a href=\"http:\/\/ff-farmsen.de\/?page_id=39\">LF 16 KatS<\/a> | <a href=\"http:\/\/ff-farmsen.de\/?page_id=41\">Schutzkleidung<\/a> | <a href=\"http:\/\/ff-farmsen.de\/?page_id=43\">Alarmierung<\/a> <\/p>\n","protected":false},"excerpt":{"rendered":"<p>Die Mitglieder der Freiwilligen Feuerwehr Hamburg werden \u00fcber digitale Meldeempf\u00e4nger von der Einsatzzentrale alarmiert. Jedes Mitglied erh\u00e4lt auf dem Meldeempf\u00e4nger eine Kurzinformation bez\u00fcglich Einsatzstichwort, Einsatzort und den alarmierten Kr\u00e4ften. Nach der Alarmierung begeben sich die Mitglieder auf schnellstem Wege zum Feuerwehrhaus, wo Sie sich mit ihrer pers\u00f6nlichen Schutzausrustung ausr\u00fcsten und die Fahrzeuge besetzen. Parallel zur Alarmierung auf den Meldeempf\u00e4ngern wird<\/p>\n","protected":false},"author":1,"featured_media":0,"parent":16,"menu_order":0,"comment_status":"closed","ping_status":"closed","template":"","meta":{"footnotes":""},"class_list":["post-43","page","type-page","status-publish","hentry"],"_links":{"self":[{"href":"https:\/\/ff-farmsen.de\/index.php?rest_route=\/wp\/v2\/pages\/43","targetHints":{"allow":["GET"]}}],"collection":[{"href":"https:\/\/ff-farmsen.de\/index.php?rest_route=\/wp\/v2\/pages"}],"about":[{"href":"https:\/\/ff-farmsen.de\/index.php?rest_route=\/wp\/v2\/types\/page"}],"author":[{"embeddable":true,"href":"https:\/\/ff-farmsen.de\/index.php?rest_route=\/wp\/v2\/users\/1"}],"replies":[{"embeddable":true,"href":"https:\/\/ff-farmsen.de\/index.php?rest_route=%2Fwp%2Fv2%2Fcomments&post=43"}],"version-history":[{"count":10,"href":"https:\/\/ff-farmsen.de\/index.php?rest_route=\/wp\/v2\/pages\/43\/revisions"}],"predecessor-version":[{"id":2782,"href":"https:\/\/ff-farmsen.de\/index.php?rest_route=\/wp\/v2\/pages\/43\/revisions\/2782"}],"up":[{"embeddable":true,"href":"https:\/\/ff-farmsen.de\/index.php?rest_route=\/wp\/v2\/pages\/16"}],"wp:attachment":[{"href":"https:\/\/ff-farmsen.de\/index.php?rest_route=%2Fwp%2Fv2%2Fmedia&parent=43"}],"curies":[{"name":"wp","href":"https:\/\/api.w.org\/{rel}","templated":true}]}}