{"id":39,"date":"2016-11-16T15:50:30","date_gmt":"2016-11-16T14:50:30","guid":{"rendered":"http:\/\/ff-farmsen.de\/?page_id=39"},"modified":"2025-06-24T20:40:44","modified_gmt":"2025-06-24T18:40:44","slug":"lf-16-kats","status":"publish","type":"page","link":"https:\/\/ff-farmsen.de\/?page_id=39","title":{"rendered":"LF 16 KatS"},"content":{"rendered":"<p>&nbsp;<\/p>\n<p><img loading=\"lazy\" decoding=\"async\" class=\"aligncenter size-large wp-image-495\" src=\"http:\/\/ff-farmsen.de\/wp-content\/uploads\/2016\/11\/LF-KatS-Farmsen-1024x682.jpg\" alt=\"\" width=\"860\" height=\"573\" srcset=\"https:\/\/ff-farmsen.de\/wp-content\/uploads\/2016\/11\/LF-KatS-Farmsen-1024x682.jpg 1024w, https:\/\/ff-farmsen.de\/wp-content\/uploads\/2016\/11\/LF-KatS-Farmsen-300x200.jpg 300w, https:\/\/ff-farmsen.de\/wp-content\/uploads\/2016\/11\/LF-KatS-Farmsen-768x512.jpg 768w, https:\/\/ff-farmsen.de\/wp-content\/uploads\/2016\/11\/LF-KatS-Farmsen.jpg 1280w\" sizes=\"auto, (max-width: 860px) 100vw, 860px\" \/><\/p>\n<p>Bei dem Fahrzeug handelt es sich um ein L\u00f6schgruppenfahrzeug 16 KatS f\u00fcr 9 Einsatzkr\u00e4fte (Daimler Chrysler, Atego 1428 AF, Farbe RAL 3024 leuchtrot, 280 PS). Es hat ein Gesamtgewicht von 14,5 Tonnen bei einer L\u00e4nge von 7,6 Metern, einer Breite von 2,5 Metern und eine H\u00f6he von 3,2 Metern. Der Aufbau kommt von der Firma Ziegler. <\/p>\n<p>Das LF 16 KatS verf\u00fcgt \u00fcber einen 1600-Liter-L\u00f6schwassertank, Feuerl\u00f6schpumpe FPN 10-2000 (2000L\/min. bei 10 bar) sowie einer Tragkraftspritze (TS 8\/8) und insgesamt 30 B- und 14 C-Schl\u00e4uche, Schnellangriff Wasser, Schnellangriffsverteiler, sowie zwei PA-Ger\u00e4te im Mannschaftsraum. F\u00fcr die technischen Hilfeleistungseinsatz sind auf dem Fahrzeug unter anderem ein Stromerzeuger (8 kVA), ein Beleuchtungssatz (2x 1000W), eine Elektro-Tauchpumpe, eine Elektro-Motors\u00e4ge und eine Motors\u00e4ge sowie ein Trennschleifer verlastet.<\/p>\n<p>&nbsp;<br \/>\n<strong>Fahrerkabine<\/strong><\/p>\n<p>Halogen-Handscheinwerfer, Verkehrsleitkelle, Warnblitzleuchten, Warnfahnen<\/p>\n<p><strong>Mannschaftsraum<br \/>\n<\/strong><\/p>\n<p>Atemschutzger\u00e4te, Handscheinwerfer, Feuerwehr-Sicherheitsleinen, Wolldecke, Drahtschere, Eisen-S\u00e4ge, Hands\u00e4ge, B\u00fcgels\u00e4ge, Krankentrage, Spaltaxt, Absturzsicherung, Atemschutz-Filter, Warndreiecke, Sch\u00e4kel, Abschleppseil, Warnwesten<\/p>\n<p><img loading=\"lazy\" decoding=\"async\" class=\"aligncenter size-full wp-image-497\" src=\"http:\/\/ff-farmsen.de\/wp-content\/uploads\/2016\/11\/LFII_Fahrerseite.jpg\" alt=\"\" width=\"1000\" height=\"529\" srcset=\"https:\/\/ff-farmsen.de\/wp-content\/uploads\/2016\/11\/LFII_Fahrerseite.jpg 1000w, https:\/\/ff-farmsen.de\/wp-content\/uploads\/2016\/11\/LFII_Fahrerseite-300x159.jpg 300w, https:\/\/ff-farmsen.de\/wp-content\/uploads\/2016\/11\/LFII_Fahrerseite-768x406.jpg 768w\" sizes=\"auto, (max-width: 1000px) 100vw, 1000px\" \/><\/p>\n<p><strong>Ger\u00e4teraum 1<\/strong><\/p>\n<p>Tragkraftspritze TS 8\/8 UltraPower, Saugkorb, Schutzkorb, Keller-Sauger, Kuppelschl\u00fcssel, Saugschl\u00e4uche, Druckbegrenzungsventile, Reserve-Kanister, Schlauch-Br\u00fccken, Besen, Schaufel, Spaten, Feuerpatschen, Schutthaken<\/p>\n<p><strong>Ger\u00e4teraum 3<\/strong><\/p>\n<p>Atemschutzger\u00e4te, Ersatzflaschen, Bindestrick, Blitzleuchten, K\u00fchlbox, Brechstange, Schlauchbinder<\/p>\n<p><strong>Ger\u00e4teraum 5<br \/>\n<\/strong><\/p>\n<p>B Druckschl\u00e4uche, Auffangbeh\u00e4lter, Schlauch-Tragek\u00f6rper, C Druckschl\u00e4uche, \u00dcbergangsst\u00fcck, Verteiler<\/p>\n<p><img loading=\"lazy\" decoding=\"async\" class=\"aligncenter size-full wp-image-498\" src=\"http:\/\/ff-farmsen.de\/wp-content\/uploads\/2016\/11\/LFII_Beifahrerseite.jpg\" alt=\"\" width=\"1000\" height=\"533\" srcset=\"https:\/\/ff-farmsen.de\/wp-content\/uploads\/2016\/11\/LFII_Beifahrerseite.jpg 1000w, https:\/\/ff-farmsen.de\/wp-content\/uploads\/2016\/11\/LFII_Beifahrerseite-300x160.jpg 300w, https:\/\/ff-farmsen.de\/wp-content\/uploads\/2016\/11\/LFII_Beifahrerseite-768x409.jpg 768w\" sizes=\"auto, (max-width: 1000px) 100vw, 1000px\" \/><\/p>\n<p><strong>Ger\u00e4teraum 2<\/strong><\/p>\n<p>Kabeltrommeln, Stromerzeuger, \u00d6lbindemittel-Kanister, Elektro-Tauchpumpe, Eletro-Kettens\u00e4ge, Motorkettens\u00e4ge, Elektro-Trennschleifer, Brechstange<\/p>\n<p><strong>Ger\u00e4teraum 4<\/strong><\/p>\n<p>Beleuchtungssatz, Aufnahmebr\u00fccke f\u00fcr Flutlichtstrahler, Stativ, Standrohr, Uterflur-Hydrantenschl\u00fcssel, Zwei-Kammer-Kanister, Eletro-Werkzeug, Gas-Wasser-Werkzeug, Erste-Hilfe-Koffer, K\u00fcbelspritze, B Druckschlauch<\/p>\n<p><strong>Ger\u00e4teraum 6<br \/>\n<\/strong><\/p>\n<p>B Druckschl\u00e4uche, Schnellangriff, Feuerl\u00f6scher, Schaummittel-Kanister, Strahlrohre, St\u00fctzkr\u00fcmmer, Oberflur-Hydrantenschl\u00fcssel, Schuttmulden, Seilschlauchhalter, Verteiler, Ansaugschlauch, Luftschaumstrahlrohr<\/p>\n<p><strong>Ger\u00e4teraum R<br \/>\n<\/strong><\/p>\n<p>Feuerl\u00f6schpumpe, Sammelst\u00fcck, Kupplungsschl\u00fcssel, \u00dcbergangsst\u00fcck A\/B, \u00dcbergangsst\u00fcck B\/C<\/p>\n<p><strong>Dach<\/strong><\/p>\n<p>Steckleiter, Schiebleiter, Einrei\u00dfhaken<\/p>\n<hr \/>\n<p><a href=\"http:\/\/ff-farmsen.de\/?page_id=16\">Technik<\/a><a href=\"http:\/\/ff-farmsen.de\/?page_id=43\"> |<\/a><a href=\"http:\/\/ff-farmsen.de\/?page_id=2408\">HLF 20<\/a><a href=\"http:\/\/ff-farmsen.de\/?page_id=43\"> | <\/a><a href=\"http:\/\/ff-farmsen.de\/?page_id=39\">LF 16 KatS<\/a><a href=\"http:\/\/ff-farmsen.de\/?page_id=43\"> | <\/a><a href=\"http:\/\/ff-farmsen.de\/?page_id=41\">Schutzkleidung <\/a><a href=\"http:\/\/ff-farmsen.de\/?page_id=43\">| <\/a><a href=\"http:\/\/ff-farmsen.de\/?page_id=43\">Alarmierung<\/a><\/p>\n","protected":false},"excerpt":{"rendered":"<p>&nbsp; Bei dem Fahrzeug handelt es sich um ein L\u00f6schgruppenfahrzeug 16 KatS f\u00fcr 9 Einsatzkr\u00e4fte (Daimler Chrysler, Atego 1428 AF, Farbe RAL 3024 leuchtrot, 280 PS). Es hat ein Gesamtgewicht von 14,5 Tonnen bei einer L\u00e4nge von 7,6 Metern, einer Breite von 2,5 Metern und eine H\u00f6he von 3,2 Metern. Der Aufbau kommt von der Firma Ziegler. Das LF 16<\/p>\n","protected":false},"author":1,"featured_media":0,"parent":16,"menu_order":0,"comment_status":"closed","ping_status":"closed","template":"","meta":{"footnotes":""},"class_list":["post-39","page","type-page","status-publish","hentry"],"_links":{"self":[{"href":"https:\/\/ff-farmsen.de\/index.php?rest_route=\/wp\/v2\/pages\/39","targetHints":{"allow":["GET"]}}],"collection":[{"href":"https:\/\/ff-farmsen.de\/index.php?rest_route=\/wp\/v2\/pages"}],"about":[{"href":"https:\/\/ff-farmsen.de\/index.php?rest_route=\/wp\/v2\/types\/page"}],"author":[{"embeddable":true,"href":"https:\/\/ff-farmsen.de\/index.php?rest_route=\/wp\/v2\/users\/1"}],"replies":[{"embeddable":true,"href":"https:\/\/ff-farmsen.de\/index.php?rest_route=%2Fwp%2Fv2%2Fcomments&post=39"}],"version-history":[{"count":18,"href":"https:\/\/ff-farmsen.de\/index.php?rest_route=\/wp\/v2\/pages\/39\/revisions"}],"predecessor-version":[{"id":2776,"href":"https:\/\/ff-farmsen.de\/index.php?rest_route=\/wp\/v2\/pages\/39\/revisions\/2776"}],"up":[{"embeddable":true,"href":"https:\/\/ff-farmsen.de\/index.php?rest_route=\/wp\/v2\/pages\/16"}],"wp:attachment":[{"href":"https:\/\/ff-farmsen.de\/index.php?rest_route=%2Fwp%2Fv2%2Fmedia&parent=39"}],"curies":[{"name":"wp","href":"https:\/\/api.w.org\/{rel}","templated":true}]}}