{"id":32,"date":"2016-11-16T15:48:52","date_gmt":"2016-11-16T14:48:52","guid":{"rendered":"http:\/\/ff-farmsen.de\/?page_id=32"},"modified":"2017-07-18T23:55:09","modified_gmt":"2017-07-18T21:55:09","slug":"nachtwanderung","status":"publish","type":"page","link":"https:\/\/ff-farmsen.de\/?page_id=32","title":{"rendered":"Nachtwanderung"},"content":{"rendered":"<p>Am 21.04.2012 nahm die Jugendfeuerwehr Farmsen wieder an der Nachtwanderung der Hamburger Jugendfeuerwehren im Alstertal teil. Das besondere an diesem Wettkampf: Er startet um 19 Uhr und geht dann meist bis Mitternacht.<\/p>\n<div id=\"metaslider-id-286\" style=\"max-width: 700px;\" class=\"ml-slider-3-107-0 metaslider metaslider-flex metaslider-286 ml-slider has-dots-nav ms-theme-default\" role=\"region\" aria-label=\"JF-Nachtwanderung\" data-height=\"300\" data-width=\"700\">\n    <div id=\"metaslider_container_286\">\n        <div id=\"metaslider_286\">\n            <ul class='slides'>\n                <li style=\"display: block; width: 100%;\" class=\"slide-313 ms-image \" aria-roledescription=\"slide\" data-date=\"2017-07-18 23:54:10\" data-filename=\"20120421_01-674x288.jpg\" data-slide-type=\"image\"><img loading=\"lazy\" decoding=\"async\" src=\"https:\/\/ff-farmsen.de\/wp-content\/uploads\/2017\/07\/20120421_01-674x288.jpg\" height=\"300\" width=\"700\" alt=\"\" class=\"slider-286 slide-313 msDefaultImage\" \/><\/li>\n                <li style=\"display: none; width: 100%;\" class=\"slide-314 ms-image \" aria-roledescription=\"slide\" data-date=\"2017-07-18 23:54:10\" data-filename=\"20120421_02-448x192.jpg\" data-slide-type=\"image\"><img loading=\"lazy\" decoding=\"async\" src=\"https:\/\/ff-farmsen.de\/wp-content\/uploads\/2017\/07\/20120421_02-448x192.jpg\" height=\"300\" width=\"700\" alt=\"\" class=\"slider-286 slide-314 msDefaultImage\" \/><\/li>\n                <li style=\"display: none; width: 100%;\" class=\"slide-315 ms-image \" aria-roledescription=\"slide\" data-date=\"2017-07-18 23:54:11\" data-filename=\"20120421_03-448x192.jpg\" data-slide-type=\"image\"><img loading=\"lazy\" decoding=\"async\" src=\"https:\/\/ff-farmsen.de\/wp-content\/uploads\/2017\/07\/20120421_03-448x192.jpg\" height=\"300\" width=\"700\" alt=\"\" class=\"slider-286 slide-315 msDefaultImage\" \/><\/li>\n                <li style=\"display: none; width: 100%;\" class=\"slide-316 ms-image \" aria-roledescription=\"slide\" data-date=\"2017-07-18 23:54:11\" data-filename=\"20120421_04-448x192.jpg\" data-slide-type=\"image\"><img loading=\"lazy\" decoding=\"async\" src=\"https:\/\/ff-farmsen.de\/wp-content\/uploads\/2017\/07\/20120421_04-448x192.jpg\" height=\"300\" width=\"700\" alt=\"\" class=\"slider-286 slide-316 msDefaultImage\" \/><\/li>\n                <li style=\"display: none; width: 100%;\" class=\"slide-317 ms-image \" aria-roledescription=\"slide\" data-date=\"2017-07-18 23:54:11\" data-filename=\"20120421_05-448x192.jpg\" data-slide-type=\"image\"><img loading=\"lazy\" decoding=\"async\" src=\"https:\/\/ff-farmsen.de\/wp-content\/uploads\/2017\/07\/20120421_05-448x192.jpg\" height=\"300\" width=\"700\" alt=\"\" class=\"slider-286 slide-317 msDefaultImage\" \/><\/li>\n                <li style=\"display: none; width: 100%;\" class=\"slide-318 ms-image \" aria-roledescription=\"slide\" data-date=\"2017-07-18 23:54:11\" data-filename=\"20120421_06-448x192.jpg\" data-slide-type=\"image\"><img loading=\"lazy\" decoding=\"async\" src=\"https:\/\/ff-farmsen.de\/wp-content\/uploads\/2017\/07\/20120421_06-448x192.jpg\" height=\"300\" width=\"700\" alt=\"\" class=\"slider-286 slide-318 msDefaultImage\" \/><\/li>\n                <li style=\"display: none; width: 100%;\" class=\"slide-319 ms-image \" aria-roledescription=\"slide\" data-date=\"2017-07-18 23:54:11\" data-filename=\"20120421_07-448x192.jpg\" data-slide-type=\"image\"><img loading=\"lazy\" decoding=\"async\" src=\"https:\/\/ff-farmsen.de\/wp-content\/uploads\/2017\/07\/20120421_07-448x192.jpg\" height=\"300\" width=\"700\" alt=\"\" class=\"slider-286 slide-319 msDefaultImage\" \/><\/li>\n            <\/ul>\n        <\/div>\n        \n    <\/div>\n<\/div>\n<p>Auch in diesem Jahr waren die Aufgaben eine Mischung aus Feuerwehr, Geschicklichkeit und Spa\u00df: So mussten z.B. Fehler beim Aufbau der Hebekissen erkannt, Feuerwehrger\u00e4te blind ertastet sowie zwei verletzte Personen versorgt werden. Au\u00dferdem musste ein &#8222;menschliches Spinnennetz&#8220; gebaut werden, um einen Kameraden zu tragen. Am Ende waren die Jugendlichen geschafft &#8211; aber aufgeregt, welchen Platz sie in diesem Jahr wohl erreicht hatten. Lange mussten sie bei der Siegerehrung warten, denn die Jugendfeuerwehr Farmsen erreichte bei 43 angetretenen Gruppen einen f\u00fcr unsere junge Truppe guten 16.Platz! Herzlichen Gl\u00fcckwunsch!<\/p>\n<p>Text: S.Neumann, Fotos: T.R\u00f6per <\/p>\n<hr \/>\n<p><a href=\"http:\/\/ff-farmsen.de\/?page_id=18\">Jugendfeuerwehr<\/a> |<a href=\"http:\/\/ff-farmsen.de\/?page_id=30\">Zusammenk\u00fcnfte<\/a> | <a href=\"http:\/\/ff-farmsen.de\/?page_id=32\">Nachtwanderung<\/a> | <a href=\"http:\/\/ff-farmsen.de\/?page_id=34\">August-Ernst-Pokal<\/a><\/p>\n","protected":false},"excerpt":{"rendered":"<p>Am 21.04.2012 nahm die Jugendfeuerwehr Farmsen wieder an der Nachtwanderung der Hamburger Jugendfeuerwehren im Alstertal teil. Das besondere an diesem Wettkampf: Er startet um 19 Uhr und geht dann meist bis Mitternacht. Auch in diesem Jahr waren die Aufgaben eine Mischung aus Feuerwehr, Geschicklichkeit und Spa\u00df: So mussten z.B. Fehler beim Aufbau der Hebekissen erkannt, Feuerwehrger\u00e4te blind ertastet sowie zwei<\/p>\n","protected":false},"author":1,"featured_media":0,"parent":18,"menu_order":0,"comment_status":"closed","ping_status":"closed","template":"","meta":{"footnotes":""},"class_list":["post-32","page","type-page","status-publish","hentry"],"_links":{"self":[{"href":"https:\/\/ff-farmsen.de\/index.php?rest_route=\/wp\/v2\/pages\/32","targetHints":{"allow":["GET"]}}],"collection":[{"href":"https:\/\/ff-farmsen.de\/index.php?rest_route=\/wp\/v2\/pages"}],"about":[{"href":"https:\/\/ff-farmsen.de\/index.php?rest_route=\/wp\/v2\/types\/page"}],"author":[{"embeddable":true,"href":"https:\/\/ff-farmsen.de\/index.php?rest_route=\/wp\/v2\/users\/1"}],"replies":[{"embeddable":true,"href":"https:\/\/ff-farmsen.de\/index.php?rest_route=%2Fwp%2Fv2%2Fcomments&post=32"}],"version-history":[{"count":5,"href":"https:\/\/ff-farmsen.de\/index.php?rest_route=\/wp\/v2\/pages\/32\/revisions"}],"predecessor-version":[{"id":320,"href":"https:\/\/ff-farmsen.de\/index.php?rest_route=\/wp\/v2\/pages\/32\/revisions\/320"}],"up":[{"embeddable":true,"href":"https:\/\/ff-farmsen.de\/index.php?rest_route=\/wp\/v2\/pages\/18"}],"wp:attachment":[{"href":"https:\/\/ff-farmsen.de\/index.php?rest_route=%2Fwp%2Fv2%2Fmedia&parent=32"}],"curies":[{"name":"wp","href":"https:\/\/api.w.org\/{rel}","templated":true}]}}