{"id":30,"date":"2016-11-16T15:48:34","date_gmt":"2016-11-16T14:48:34","guid":{"rendered":"http:\/\/ff-farmsen.de\/?page_id=30"},"modified":"2026-01-15T20:16:23","modified_gmt":"2026-01-15T19:16:23","slug":"zusammenkuenfte","status":"publish","type":"page","link":"https:\/\/ff-farmsen.de\/?page_id=30","title":{"rendered":"Zusammenk\u00fcnfte"},"content":{"rendered":"<p>&nbsp;<\/p>\n<p><a href=\"https:\/\/ff-farmsen.de\/wp-content\/uploads\/2020\/09\/jf_logo.jpg\"><img loading=\"lazy\" decoding=\"async\" class=\"aligncenter wp-image-1131\" src=\"https:\/\/ff-farmsen.de\/wp-content\/uploads\/2020\/09\/jf_logo-1024x1024.jpg\" alt=\"\" width=\"249\" height=\"249\" srcset=\"https:\/\/ff-farmsen.de\/wp-content\/uploads\/2020\/09\/jf_logo-1024x1024.jpg 1024w, https:\/\/ff-farmsen.de\/wp-content\/uploads\/2020\/09\/jf_logo-300x300.jpg 300w, https:\/\/ff-farmsen.de\/wp-content\/uploads\/2020\/09\/jf_logo-150x150.jpg 150w, https:\/\/ff-farmsen.de\/wp-content\/uploads\/2020\/09\/jf_logo-768x768.jpg 768w, https:\/\/ff-farmsen.de\/wp-content\/uploads\/2020\/09\/jf_logo-1536x1536.jpg 1536w, https:\/\/ff-farmsen.de\/wp-content\/uploads\/2020\/09\/jf_logo-90x90.jpg 90w, https:\/\/ff-farmsen.de\/wp-content\/uploads\/2020\/09\/jf_logo-75x75.jpg 75w, https:\/\/ff-farmsen.de\/wp-content\/uploads\/2020\/09\/jf_logo.jpg 1600w\" sizes=\"auto, (max-width: 249px) 100vw, 249px\" \/><\/a><\/p>\n\n<table id=\"tablepress-1\" class=\"tablepress tablepress-id-1 tbody-has-connected-cells\">\n<thead>\n<tr class=\"row-1\">\n\t<th class=\"column-1\">Datum<\/th><th class=\"column-2\">Uhrzeit<\/th><th class=\"column-3\">Thema<\/th><th class=\"column-4\">Bekleidung<\/th>\n<\/tr>\n<\/thead>\n<tbody class=\"row-striping row-hover\">\n<tr class=\"row-2\">\n\t<td class=\"column-1\">07.01.2026<\/td><td class=\"column-2\">18:00 Uhr<\/td><td class=\"column-3\">Vorbereitung TSA<\/td><td class=\"column-4\">Schutzanzug<\/td>\n<\/tr>\n<tr class=\"row-3\">\n\t<td class=\"column-1\">11.01.2026<\/td><td class=\"column-2\">08:00 Uhr<\/td><td class=\"column-3\">Tannenbaumsammelaktion<\/td><td class=\"column-4\">Schutzanzug<\/td>\n<\/tr>\n<tr class=\"row-4\">\n\t<td class=\"column-1\">14.01.2026<\/td><td class=\"column-2\">18:00 Uhr<\/td><td class=\"column-3\">Jahreshauptversammlung<\/td><td class=\"column-4\">Schutzanzug<\/td>\n<\/tr>\n<tr class=\"row-5\">\n\t<td class=\"column-1\">21.01.2026<\/td><td class=\"column-2\">18:00 Uhr<\/td><td class=\"column-3\">Elternabend<\/td><td class=\"column-4\">Schutzanzug<\/td>\n<\/tr>\n<tr class=\"row-6\">\n\t<td class=\"column-1\">28.01.2026<\/td><td class=\"column-2\">18:00 Uhr<\/td><td class=\"column-3\">Brandklassen &amp; Kleinl\u00f6schger\u00e4te<\/td><td class=\"column-4\">Schutzanzug<\/td>\n<\/tr>\n<tr class=\"row-7\">\n\t<td class=\"column-1\">04.02.2026<\/td><td class=\"column-2\">18:00 Uhr<\/td><td class=\"column-3\">UVV<\/td><td class=\"column-4\">Schutzanzug<\/td>\n<\/tr>\n<tr class=\"row-8\">\n\t<td class=\"column-1\">07.02.2026<\/td><td class=\"column-2\">15:00 Uhr<\/td><td class=\"column-3\">Einsstockschie\u00dfen &amp; Einslaufen<\/td><td class=\"column-4\">Privat (warm)<\/td>\n<\/tr>\n<tr class=\"row-9\">\n\t<td class=\"column-1\">11.02.2026<\/td><td class=\"column-2\">18:00 Uhr<\/td><td class=\"column-3\">Knotenkunde \/ JSP-Besprechung<\/td><td class=\"column-4\">Schutzanzug<\/td>\n<\/tr>\n<tr class=\"row-10\">\n\t<td class=\"column-1\">18.02.2026<\/td><td class=\"column-2\">18:00 Uhr<\/td><td class=\"column-3\">Wasserf\u00fchrende Armaturen<\/td><td class=\"column-4\">Schutzanzug<\/td>\n<\/tr>\n<tr class=\"row-11\">\n\t<td class=\"column-1\">21.02.2026<\/td><td class=\"column-2\"><\/td><td class=\"column-3\">Mister X<\/td><td class=\"column-4\">Schutzanzug<\/td>\n<\/tr>\n<tr class=\"row-12\">\n\t<td class=\"column-1\">25.02.2026<\/td><td class=\"column-2\">18:00 Uhr<\/td><td class=\"column-3\">Vorbereitung Ferienreise<\/td><td class=\"column-4\">Schutzanzug<\/td>\n<\/tr>\n<tr class=\"row-13\">\n\t<td class=\"column-1\">27.02.2026<\/td><td class=\"column-2\">18:00 Uhr<\/td><td class=\"column-3\">Gep\u00e4chabgabe f\u00fcr D\u00e4nemark<\/td><td class=\"column-4\">Privat<\/td>\n<\/tr>\n<tr class=\"row-14\">\n\t<td colspan=\"4\" class=\"column-1\">Ferienfreizeit in D\u00e4nemark 28.02.26 bis 07.03.2026<\/td>\n<\/tr>\n<tr class=\"row-15\">\n\t<td class=\"column-1\">11.03.2026<\/td><td class=\"column-2\">18:00 Uhr<\/td><td class=\"column-3\">Spieleabend (Ferien)<\/td><td class=\"column-4\">Schutzanzug<\/td>\n<\/tr>\n<tr class=\"row-16\">\n\t<td class=\"column-1\">18.03.2026<\/td><td class=\"column-2\">18:00 Uhr<\/td><td class=\"column-3\">FwDv 3 \"Sitz- und Antreteordnung\"<\/td><td class=\"column-4\">Schutzanzug<\/td>\n<\/tr>\n<tr class=\"row-17\">\n\t<td class=\"column-1\">21.03.2026<\/td><td class=\"column-2\">08:00 Uhr<\/td><td class=\"column-3\">Delegiertenversammlung<\/td><td class=\"column-4\">Schutzanzug (nur JSP&amp;JFW)<\/td>\n<\/tr>\n<tr class=\"row-18\">\n\t<td class=\"column-1\">25.03.2026<\/td><td class=\"column-2\">18:00 Uhr<\/td><td class=\"column-3\">Training Toughest Jugendfeuerwehr<\/td><td class=\"column-4\">Schutzanzug<\/td>\n<\/tr>\n<tr class=\"row-19\">\n\t<td class=\"column-1\">28.03.2026<\/td><td class=\"column-2\"><\/td><td class=\"column-3\">Toughest Jugendfeuerwehr<\/td><td class=\"column-4\">Schutzanzug<\/td>\n<\/tr>\n<tr class=\"row-20\">\n\t<td class=\"column-1\">01.04.2026<\/td><td class=\"column-2\">18:00 Uhr<\/td><td class=\"column-3\">FwDv 3 \"Offene Gew\u00e4sser\"<\/td><td class=\"column-4\">Schutzanzug<\/td>\n<\/tr>\n<tr class=\"row-21\">\n\t<td class=\"column-1\">08.04.2026<\/td><td class=\"column-2\">18:00 Uhr<\/td><td class=\"column-3\">Erste-Hilfe<\/td><td class=\"column-4\">Schutzanzug<\/td>\n<\/tr>\n<tr class=\"row-22\">\n\t<td class=\"column-1\">15.04.2026<\/td><td class=\"column-2\">18:00 Uhr<\/td><td class=\"column-3\">Fahrzeug- und Ger\u00e4tekunde<\/td><td class=\"column-4\">Schutzanzug<\/td>\n<\/tr>\n<tr class=\"row-23\">\n\t<td class=\"column-1\">22.04.2026<\/td><td class=\"column-2\">18:00 Uhr<\/td><td class=\"column-3\">TH - Greifzug, Hebekissen<\/td><td class=\"column-4\">Schutzanzug<\/td>\n<\/tr>\n<tr class=\"row-24\">\n\t<td class=\"column-1\">25.04.2026<\/td><td class=\"column-2\">16:00 Uhr<\/td><td class=\"column-3\">Nachtwanderung<\/td><td class=\"column-4\">Schutzanzug<\/td>\n<\/tr>\n<tr class=\"row-25\">\n\t<td class=\"column-1\">29.04.2026<\/td><td class=\"column-2\">18:00 Uhr<\/td><td class=\"column-3\">FwDv 3 \"Sitz- und Antreteordnung\"<\/td><td class=\"column-4\">Schutzanzug<\/td>\n<\/tr>\n<tr class=\"row-26\">\n\t<td class=\"column-1\">06.05.2026<\/td><td class=\"column-2\">18:00 Uhr<\/td><td class=\"column-3\">FwDv 10 \"Tragbare Leitern\"<\/td><td class=\"column-4\">Schutzanzug<\/td>\n<\/tr>\n<tr class=\"row-27\">\n\t<td class=\"column-1\">13.05.2026<\/td><td class=\"column-2\">18:00 Uhr<\/td><td class=\"column-3\">Spiel \"FwDv 3 \u00e4rgere dich nicht\" (Ferien)<\/td><td class=\"column-4\">Schutzanzug<\/td>\n<\/tr>\n<tr class=\"row-28\">\n\t<td class=\"column-1\">20.05.2026<\/td><td class=\"column-2\">18:00 Uhr<\/td><td class=\"column-3\">JF gestaltet den Unterricht<\/td><td class=\"column-4\">Schutzanzug<\/td>\n<\/tr>\n<tr class=\"row-29\">\n\t<td class=\"column-1\">27.05.2026<\/td><td class=\"column-2\">18:00 Uhr<\/td><td class=\"column-3\">Stadtteilspiel \"Mister X\"<\/td><td class=\"column-4\">Schutzanzug<\/td>\n<\/tr>\n<tr class=\"row-30\">\n\t<td class=\"column-1\">03.06.2026<\/td><td class=\"column-2\">18:00 Uhr<\/td><td class=\"column-3\">FwDv 3 \"L\u00f6schangriff 3C\"<\/td><td class=\"column-4\">Schutzanzug<\/td>\n<\/tr>\n<tr class=\"row-31\">\n\t<td class=\"column-1\">10.06.2026<\/td><td class=\"column-2\">18:00 Uhr<\/td><td class=\"column-3\">Erste-Hilfe<\/td><td class=\"column-4\">Schutzanzug<\/td>\n<\/tr>\n<tr class=\"row-32\">\n\t<td class=\"column-1\">17.06.2026<\/td><td class=\"column-2\">18:00 Uhr<\/td><td class=\"column-3\">FwDv 3 \"Offene Gew\u00e4sser\"<\/td><td class=\"column-4\">Schutzanzug<\/td>\n<\/tr>\n<tr class=\"row-33\">\n\t<td class=\"column-1\">24.06.2026<\/td><td class=\"column-2\">18:00 Uhr<\/td><td class=\"column-3\">FwDv 3 \"Sonderrohre\"<\/td><td class=\"column-4\">Schutzanzug<\/td>\n<\/tr>\n<tr class=\"row-34\">\n\t<td class=\"column-1\">01.07.2026<\/td><td class=\"column-2\">18:00 Uhr<\/td><td class=\"column-3\">JF kocht alleine<\/td><td class=\"column-4\">Schutzanzug<\/td>\n<\/tr>\n<tr class=\"row-35\">\n\t<td class=\"column-1\">04.07.2026<\/td><td class=\"column-2\"><\/td><td class=\"column-3\">Sommerfest<\/td><td class=\"column-4\">Privat<\/td>\n<\/tr>\n<tr class=\"row-36\">\n\t<td class=\"column-1\">08.07.2026<\/td><td class=\"column-2\">18:00 Uhr<\/td><td class=\"column-3\">Abschluss\u00fcbung<\/td><td class=\"column-4\">Schutzanzug<\/td>\n<\/tr>\n<tr class=\"row-37\">\n\t<td class=\"column-1\">15.07.2026<\/td><td class=\"column-2\">18:00 Uhr<\/td><td class=\"column-3\">Ferientreffen<\/td><td class=\"column-4\">Schutzanzug<\/td>\n<\/tr>\n<tr class=\"row-38\">\n\t<td class=\"column-1\">29.07.2026<\/td><td class=\"column-2\">18:00 Uhr<\/td><td class=\"column-3\">Ferientreffen<\/td><td class=\"column-4\">Schutzanzug<\/td>\n<\/tr>\n<tr class=\"row-39\">\n\t<td class=\"column-1\">12.08.2026<\/td><td class=\"column-2\">18:00 Uhr<\/td><td class=\"column-3\">Ferientreffen<\/td><td class=\"column-4\">Schutzanzug<\/td>\n<\/tr>\n<tr class=\"row-40\">\n\t<td class=\"column-1\">19.08.2026<\/td><td class=\"column-2\">18:00 Uhr<\/td><td class=\"column-3\">Organisation 2. Halbjahr<\/td><td class=\"column-4\">Schutzanzug<\/td>\n<\/tr>\n<tr class=\"row-41\">\n\t<td colspan=\"4\" class=\"column-1\">21.08.-22.08.26 Farmsener \u00dcbungstag mit \u00dcbernachtung am Feuerwehrhaus<\/td>\n<\/tr>\n<tr class=\"row-42\">\n\t<td class=\"column-1\">26.08.2026<\/td><td class=\"column-2\">18:00 Uhr<\/td><td class=\"column-3\">\u00dcbung \"Schaumrohre\"<\/td><td class=\"column-4\">Schutzanzug<\/td>\n<\/tr>\n<tr class=\"row-43\">\n\t<td class=\"column-1\">02.09.2026<\/td><td class=\"column-2\">18:00 Uhr<\/td><td class=\"column-3\">\u00dcbung \"Sonderrohre\"<\/td><td class=\"column-4\">Schutzanzug<\/td>\n<\/tr>\n<tr class=\"row-44\">\n\t<td class=\"column-1\">09.09.2026<\/td><td class=\"column-2\">18:00 Uhr<\/td><td class=\"column-3\">\u00dcbung \"offenes Gew\u00e4sser\"<\/td><td class=\"column-4\">Schutzanzug<\/td>\n<\/tr>\n<tr class=\"row-45\">\n\t<td class=\"column-1\">16.09.2026<\/td><td class=\"column-2\">18:00 Uhr<\/td><td class=\"column-3\">Knotenkunde<\/td><td class=\"column-4\">Schutzanzug<\/td>\n<\/tr>\n<tr class=\"row-46\">\n\t<td class=\"column-1\">23.09.2026<\/td><td class=\"column-2\">18:00 Uhr<\/td><td class=\"column-3\">Erste-Hilfe<\/td><td class=\"column-4\">Schutzanzug<\/td>\n<\/tr>\n<tr class=\"row-47\">\n\t<td class=\"column-1\">26.09.2026<\/td><td class=\"column-2\">08:00 Uhr<\/td><td class=\"column-3\">Jugendflamme Stufe II &amp; III<\/td><td class=\"column-4\">Schutzanzug<\/td>\n<\/tr>\n<tr class=\"row-48\">\n\t<td class=\"column-1\">30.09.2026<\/td><td class=\"column-2\">18:00 Uhr<\/td><td class=\"column-3\">Fahrzeug- und Ger\u00e4tekunde \"HLF 20\"<\/td><td class=\"column-4\">Schutzanzug<\/td>\n<\/tr>\n<tr class=\"row-49\">\n\t<td class=\"column-1\">03.10.2026<\/td><td class=\"column-2\">17:30 Uhr <\/td><td class=\"column-3\">Laternenumzug<\/td><td class=\"column-4\">Schutzanzug<\/td>\n<\/tr>\n<tr class=\"row-50\">\n\t<td class=\"column-1\">07.10.2026<\/td><td class=\"column-2\">18:00 Uhr<\/td><td class=\"column-3\">FwDv 3 \"Sitz- und Antreteordnung\"<\/td><td class=\"column-4\">Schutzanzug<\/td>\n<\/tr>\n<tr class=\"row-51\">\n\t<td class=\"column-1\">14.10.2026<\/td><td class=\"column-2\">18:00 Uhr<\/td><td class=\"column-3\">FwDv 3 \"Theorie\"<\/td><td class=\"column-4\">Schutzanzug<\/td>\n<\/tr>\n<tr class=\"row-52\">\n\t<td class=\"column-1\">21.10.2026<\/td><td class=\"column-2\">18:00 Uhr<\/td><td class=\"column-3\">Feuerwehr-Olympiade (Ferien)<\/td><td class=\"column-4\">Schutzanzug<\/td>\n<\/tr>\n<tr class=\"row-53\">\n\t<td class=\"column-1\">28.10.2026<\/td><td class=\"column-2\">18:00 Uhr<\/td><td class=\"column-3\">Kochen (Feiren)<\/td><td class=\"column-4\">Schutzanzug<\/td>\n<\/tr>\n<tr class=\"row-54\">\n\t<td class=\"column-1\">01.11.2026<\/td><td class=\"column-2\">08:00 Uhr<\/td><td class=\"column-3\">Nistkasten-Aktion<\/td><td class=\"column-4\">Schutzanzug<\/td>\n<\/tr>\n<tr class=\"row-55\">\n\t<td class=\"column-1\">04.11.2026<\/td><td class=\"column-2\">18:00 Uhr<\/td><td class=\"column-3\">Schilderkunde<\/td><td class=\"column-4\">Schutzanzug<\/td>\n<\/tr>\n<tr class=\"row-56\">\n\t<td class=\"column-1\">11.11.2026<\/td><td class=\"column-2\">18:00 Uhr<\/td><td class=\"column-3\">Gef\u00e4hrliche Stoffe \/ Schornsteinbrand<\/td><td class=\"column-4\">Schutzanzug<\/td>\n<\/tr>\n<tr class=\"row-57\">\n\t<td class=\"column-1\">18.11.2026<\/td><td class=\"column-2\">18:00 Uhr<\/td><td class=\"column-3\">Brennen und L\u00f6schen<\/td><td class=\"column-4\">Schutzanzug<\/td>\n<\/tr>\n<tr class=\"row-58\">\n\t<td class=\"column-1\">25.11.2025<\/td><td class=\"column-2\">18:00 Uhr<\/td><td class=\"column-3\">Abschluss\u00fcbung<\/td><td class=\"column-4\">Schutzanzug<\/td>\n<\/tr>\n<tr class=\"row-59\">\n\t<td class=\"column-1\">02.12.2026<\/td><td class=\"column-2\">18:00 Uhr<\/td><td class=\"column-3\">Fahrzeug- und Ger\u00e4tekunde \"LF2\"<\/td><td class=\"column-4\">Schutzanzug<\/td>\n<\/tr>\n<tr class=\"row-60\">\n\t<td class=\"column-1\">09.12.2026<\/td><td class=\"column-2\">18:00 Uhr<\/td><td class=\"column-3\">Kekse backen<\/td><td class=\"column-4\">Privat<\/td>\n<\/tr>\n<tr class=\"row-61\">\n\t<td class=\"column-1\">16.12.2026<\/td><td class=\"column-2\">18:00 Uhr<\/td><td class=\"column-3\">Weihnachtsfeier<\/td><td class=\"column-4\">Privat<\/td>\n<\/tr>\n<\/tbody>\n<\/table>\n<!-- #tablepress-1 from cache -->\n<p><strong>\u00c4nderungen vorbehalten &#8211; Stand 01\/2026<\/strong><\/p>\n<hr \/>\n<p><a href=\"http:\/\/ff-farmsen.de\/?page_id=18\">Jugendfeuerwehr<\/a> |<a href=\"http:\/\/ff-farmsen.de\/?page_id=30\">Zusammenk\u00fcnfte<\/a> | <a href=\"http:\/\/ff-farmsen.de\/?page_id=32\">Nachtwanderung<\/a> | <a href=\"http:\/\/ff-farmsen.de\/?page_id=34\">August-Ernst-Pokal<\/a><\/p>\n","protected":false},"excerpt":{"rendered":"<p>&nbsp; \u00c4nderungen vorbehalten &#8211; Stand 01\/2026 Jugendfeuerwehr |Zusammenk\u00fcnfte | Nachtwanderung | August-Ernst-Pokal<\/p>\n","protected":false},"author":1,"featured_media":0,"parent":18,"menu_order":0,"comment_status":"closed","ping_status":"closed","template":"","meta":{"footnotes":""},"class_list":["post-30","page","type-page","status-publish","hentry"],"_links":{"self":[{"href":"https:\/\/ff-farmsen.de\/index.php?rest_route=\/wp\/v2\/pages\/30","targetHints":{"allow":["GET"]}}],"collection":[{"href":"https:\/\/ff-farmsen.de\/index.php?rest_route=\/wp\/v2\/pages"}],"about":[{"href":"https:\/\/ff-farmsen.de\/index.php?rest_route=\/wp\/v2\/types\/page"}],"author":[{"embeddable":true,"href":"https:\/\/ff-farmsen.de\/index.php?rest_route=\/wp\/v2\/users\/1"}],"replies":[{"embeddable":true,"href":"https:\/\/ff-farmsen.de\/index.php?rest_route=%2Fwp%2Fv2%2Fcomments&post=30"}],"version-history":[{"count":23,"href":"https:\/\/ff-farmsen.de\/index.php?rest_route=\/wp\/v2\/pages\/30\/revisions"}],"predecessor-version":[{"id":2936,"href":"https:\/\/ff-farmsen.de\/index.php?rest_route=\/wp\/v2\/pages\/30\/revisions\/2936"}],"up":[{"embeddable":true,"href":"https:\/\/ff-farmsen.de\/index.php?rest_route=\/wp\/v2\/pages\/18"}],"wp:attachment":[{"href":"https:\/\/ff-farmsen.de\/index.php?rest_route=%2Fwp%2Fv2%2Fmedia&parent=30"}],"curies":[{"name":"wp","href":"https:\/\/api.w.org\/{rel}","templated":true}]}}