{"id":26,"date":"2016-11-16T15:47:56","date_gmt":"2016-11-16T14:47:56","guid":{"rendered":"http:\/\/ff-farmsen.de\/?page_id=26"},"modified":"2021-01-04T06:51:43","modified_gmt":"2021-01-04T05:51:43","slug":"spende","status":"publish","type":"page","link":"https:\/\/ff-farmsen.de\/?page_id=26","title":{"rendered":"Spende"},"content":{"rendered":"<p>Wenn Sie zu Gunsten der Freiwilligen Feuerwehr Farmsen sowie der Jugendfeuerwehr Farmsen an unseren anerkannt gemeinn\u00fctzigen F\u00f6rderverein eine Spende leisten m\u00f6chte, so werden wir Ihnen bei einer \u00dcberweisung auf das nachfolgende Konto ab 25 Euro gerne eine entsprechende Spendenbescheinigung zur Einreichung beim Finanzamt zusenden. Bitte geben Sie einfach im Verwendungszweck das Wort \u201eSpende\u201c sowie Ihre Anschrift an.<\/p>\n<div style=\"text-align: left;\">Empf\u00e4nger:\u00a0 \u00a0 \u00a0<strong>F\u00f6rderverein der FF Farmsen e.V.<\/strong><\/div>\n<div style=\"text-align: left;\">Konto-IBAN:\u00a0 \u00a0 <span style=\"color: #ff0000;\"><strong>DE23 2005 0550 1319 1222 12<\/strong><\/span><\/div>\n<div style=\"text-align: left;\">Kreditinstitut: <strong>Hamburger Sparkasse<\/strong><\/div>\n<div style=\"text-align: left;\">Verwendung:\u00a0 <strong>Wort \u201eSpende\u201c sowie die Angabe Ihrer Anschrift<\/strong><\/div>\n<div>PayPal-Spende: <strong><a href=\"https:\/\/www.paypal.com\/qrcodes\/managed\/dbfa5ed3-d172-4103-84f1-c8478ed36e6f?utm_source=merchant_lp\"><span style=\"color: #ff0000;\">foerderverein@ff-farmsen.de<\/span><\/a><\/strong><\/div>\n<p>Wenn Sie Mitglied unseres F\u00f6rdervereins werden m\u00f6chten, so finden Sie das Formular f\u00fcr eine Beitrittserkl\u00e4rung auf dieser Homepage unter \u201e<a href=\"http:\/\/ff-farmsen.de\/?page_id=216\">Beitrittserkl\u00e4rung<\/a> \u201c.<\/p>\n<p>Wir danken Ihnen f\u00fcr Ihre finanzielle Unterst\u00fctzung!<\/p>\n<hr \/>\n<p><a href=\"http:\/\/ff-farmsen.de\/?page_id=20\">F\u00f6rderverein<\/a> |<a href=\"http:\/\/ff-farmsen.de\/?page_id=28\">Kontakt<\/a> | <a href=\"http:\/\/ff-farmsen.de\/?page_id=216\">Beitrittserkl\u00e4rung<\/a> | <a href=\"http:\/\/ff-farmsen.de\/?page_id=26\">Spenden<\/a> | <a href=\"http:\/\/ff-farmsen.de\/?page_id=24\">Satzung<\/a>\u00a0| <a href=\"http:\/\/ff-farmsen.de\/?page_id=808\">Gesch\u00e4ftsberichte<\/a><\/p>\n","protected":false},"excerpt":{"rendered":"<p>Wenn Sie zu Gunsten der Freiwilligen Feuerwehr Farmsen sowie der Jugendfeuerwehr Farmsen an unseren anerkannt gemeinn\u00fctzigen F\u00f6rderverein eine Spende leisten m\u00f6chte, so werden wir Ihnen bei einer \u00dcberweisung auf das nachfolgende Konto ab 25 Euro gerne eine entsprechende Spendenbescheinigung zur Einreichung beim Finanzamt zusenden. Bitte geben Sie einfach im Verwendungszweck das Wort \u201eSpende\u201c sowie Ihre Anschrift an. Empf\u00e4nger:\u00a0 \u00a0 \u00a0F\u00f6rderverein<\/p>\n","protected":false},"author":1,"featured_media":0,"parent":20,"menu_order":0,"comment_status":"closed","ping_status":"closed","template":"","meta":{"footnotes":""},"class_list":["post-26","page","type-page","status-publish","hentry"],"_links":{"self":[{"href":"https:\/\/ff-farmsen.de\/index.php?rest_route=\/wp\/v2\/pages\/26","targetHints":{"allow":["GET"]}}],"collection":[{"href":"https:\/\/ff-farmsen.de\/index.php?rest_route=\/wp\/v2\/pages"}],"about":[{"href":"https:\/\/ff-farmsen.de\/index.php?rest_route=\/wp\/v2\/types\/page"}],"author":[{"embeddable":true,"href":"https:\/\/ff-farmsen.de\/index.php?rest_route=\/wp\/v2\/users\/1"}],"replies":[{"embeddable":true,"href":"https:\/\/ff-farmsen.de\/index.php?rest_route=%2Fwp%2Fv2%2Fcomments&post=26"}],"version-history":[{"count":20,"href":"https:\/\/ff-farmsen.de\/index.php?rest_route=\/wp\/v2\/pages\/26\/revisions"}],"predecessor-version":[{"id":1229,"href":"https:\/\/ff-farmsen.de\/index.php?rest_route=\/wp\/v2\/pages\/26\/revisions\/1229"}],"up":[{"embeddable":true,"href":"https:\/\/ff-farmsen.de\/index.php?rest_route=\/wp\/v2\/pages\/20"}],"wp:attachment":[{"href":"https:\/\/ff-farmsen.de\/index.php?rest_route=%2Fwp%2Fv2%2Fmedia&parent=26"}],"curies":[{"name":"wp","href":"https:\/\/api.w.org\/{rel}","templated":true}]}}