{"id":2408,"date":"2024-08-11T20:52:40","date_gmt":"2024-08-11T18:52:40","guid":{"rendered":"https:\/\/ff-farmsen.de\/?page_id=2408"},"modified":"2025-06-24T20:39:25","modified_gmt":"2025-06-24T18:39:25","slug":"hlf-20","status":"publish","type":"page","link":"https:\/\/ff-farmsen.de\/?page_id=2408","title":{"rendered":"HLF 20"},"content":{"rendered":"<p><a href=\"https:\/\/ff-farmsen.de\/wp-content\/uploads\/2024\/08\/HLF-scaled.jpg\"><img loading=\"lazy\" decoding=\"async\" src=\"https:\/\/ff-farmsen.de\/wp-content\/uploads\/2024\/08\/HLF-1024x694.jpg\" alt=\"\" width=\"860\" height=\"583\" class=\"aligncenter size-large wp-image-2480\" srcset=\"https:\/\/ff-farmsen.de\/wp-content\/uploads\/2024\/08\/HLF-1024x694.jpg 1024w, https:\/\/ff-farmsen.de\/wp-content\/uploads\/2024\/08\/HLF-300x203.jpg 300w, https:\/\/ff-farmsen.de\/wp-content\/uploads\/2024\/08\/HLF-768x521.jpg 768w, https:\/\/ff-farmsen.de\/wp-content\/uploads\/2024\/08\/HLF-1536x1042.jpg 1536w, https:\/\/ff-farmsen.de\/wp-content\/uploads\/2024\/08\/HLF-2048x1389.jpg 2048w\" sizes=\"auto, (max-width: 860px) 100vw, 860px\" \/><\/a><\/p>\n<p>Bei dem Fahrzeug handelt es sich um ein Hilfeleistungsl\u00f6schfahrzeug 20 f\u00fcr 9 Einsatzkr\u00e4fte (Mercedes Atego 1630 AF, Farbe RAL 3026 leuchtrot, Baujahr 2023, 300 PS). Es hat ein Gesamtgewicht von 16 Tonnen bei einer L\u00e4nge von 8,6 Metern (einschlie\u00dflich Haspel) bzw. 7,7 Metern (ohne Haspel), einer Breite von 2,5 Metern und einer H\u00f6he von 3,3 Metern. <\/p>\n<p>Der Aufbau kommt von der Firma Schlingmann. Das HLF 20 verf\u00fcgt \u00fcber einen 2.000-Liter-L\u00f6schwassertank mit zus\u00e4tzlichem 120-Liter-Schaummitteltank und einer Feuerl\u00f6schpumpe FPN 10\/2000 (2000 l\/min. bei 10 bar). Zu der sehr umfangreichen Ausr\u00fcstung des Fahrzeugs geh\u00f6rt ein akkubetriebener hydraulischer Rettungssatz mit Schere, Spreizer und Rettungszylindern, ein 9-kVA-Stromerzeuger, 5 Atemschutzger\u00e4ten (davon 3 in der Mannschaftskabine) und einer 50m-Schnellangriffseinrichtungen. Daneben verf\u00fcgt das Fahrzeug \u00fcber einen pneumatischen LED-Lichtmast sowie einer Haspel mit 120 Meter B-Druckschlauch.<\/p>\n<p>&nbsp;<br \/>\n<strong>Fahrerhaus<\/strong><\/p>\n<p>Atemschutz\u00fcberwachung, Handsprechfunkger\u00e4te, Handlampen, Gasmessger\u00e4t, Dosisleistungs- und Warnger\u00e4t, Anhaltestab, Lesebrille, Lupe, Antibeschlagsschwamm, Ledertuch, Handfeger, Gurttrenner, Stadtplan, Satz Fahrzeugpapiere, Ordner Einsatzunterlagen, Satz Bedienungsenleitungen, Halbmondschl\u00fcssel, Vierkantschl\u00fcssel, Anh\u00e4ngeradapter (12 V &#038; 24 V), Satz Bedienungsanleitungen<\/p>\n<p><strong>Mannschaftsraum<\/strong><\/p>\n<p>Pressluftatmer, Feuerwehrleinen, W\u00e4rmebildkamera, Handlampen, Handsprechfunkger\u00e4te, Fluchthauben, Infektionsschutzhandschuhe, Warnwesten, Ersatzakkus Makita, Ersatzakkus Lukas, Wolldecke, Rettungstuch, L\u00f6schdecke, Reifenf\u00fcllschlauch, Einspeisekabel 230 V, Warnarelecke, Warnleuchten, Verbandkasten StVO, Satz Fahrgestellwerkzeug, Absturzsicherung, Atemfilter ABEK, Pakete Staubmasken, Paket FFP2-Masken, Tauschkombis, Innenfutter, Set Klarsichtfoliens\u00e4cke, Sicherungsstange Kabine<\/p>\n<p><a href=\"https:\/\/ff-farmsen.de\/wp-content\/uploads\/2024\/08\/HLF-links-scaled.jpg\"><img loading=\"lazy\" decoding=\"async\" src=\"https:\/\/ff-farmsen.de\/wp-content\/uploads\/2024\/08\/HLF-links-1024x593.jpg\" alt=\"\" width=\"860\" height=\"498\" class=\"aligncenter size-large wp-image-2478\" srcset=\"https:\/\/ff-farmsen.de\/wp-content\/uploads\/2024\/08\/HLF-links-1024x593.jpg 1024w, https:\/\/ff-farmsen.de\/wp-content\/uploads\/2024\/08\/HLF-links-300x174.jpg 300w, https:\/\/ff-farmsen.de\/wp-content\/uploads\/2024\/08\/HLF-links-768x445.jpg 768w, https:\/\/ff-farmsen.de\/wp-content\/uploads\/2024\/08\/HLF-links-1536x889.jpg 1536w, https:\/\/ff-farmsen.de\/wp-content\/uploads\/2024\/08\/HLF-links-2048x1186.jpg 2048w\" sizes=\"auto, (max-width: 860px) 100vw, 860px\" \/><\/a><\/p>\n<p><strong>Ger\u00e4teraum 1<\/strong><\/p>\n<p>Rolle Folie (4 x 50 m), Gurttrenner, Rolle Bindestrick (200 m), Schachtabdeckungen, Rettungsbrett, Gitternetzfolie Patientenrettung, Krankentrage, , Wassersauger mit Zubeh\u00f6r, Eimer, Schw\u00e4mme, PE &#8211; Fass 30 Itr., Kastensch\u00f6pfer, Hartholzkeile, Satz Weichholzkeile (20-teilig), Satz Weichholzstopfen (13-teilig), Rundschlingen 3 t, 3 m, Sch\u00e4kel 10 t, Satz Zubeh\u00f6r Hebekissen, Hebekissen, Mehrzweckzug mit Zubeh\u00f6r, Drahtseil 20 m, Rundschlinge 4 t, 2 m, Sch\u00e4kel 10 t, Kantenreiter, Umlenkrolle, Klebebandabroller, Rolle Klebeband (Ersatz), Spanngurte 2 t, 6 m, Federk\u00f6rner, Wachsstifte, Sprinklerkeile, Gurttrenner, Kraftstoffabsaugpumpe, Akku &#8211; Schneidger\u00e4t, Akku &#8211; Spreizer, Akku &#8211; Rettungszylinder, Abst\u00fctzlager, Satz Pallholz (12-teilig), Folie wei\u00df f\u00fcr Hydraulik, Minischneidger\u00e4t mit Handpumpe, Netzadapter 230 V<\/p>\n<p><strong>Ger\u00e4teraum 3<\/strong><\/p>\n<p>Pressluftatmer, Atemanschl\u00fcsse, Feuerwehrleinen, PA &#8211; Reserveflaschen, Fluchthauben, Sicherheitstrupptasche, Kombikanister, Kanister, Ausgie\u00dfer, Trichter, Wathosen, Mehrzweckschutzanz\u00fcge, Paar Schutzhandschuhe, Paar Schutzschuhe, Schutzhelm (Elektro)<\/p>\n<p><strong>Ger\u00e4teraum 5<\/strong><\/p>\n<p>Druckschl\u00e4uche B, Druckschl\u00e4uche C, Schlauchtragek\u00f6rbe C, Schlauchpaket C, Rauchverschluss, Handrad gro\u00df, Handrad klein, Trageriemen, Strahlrohr D, Druckschlauch D, \u00dcbergangsst\u00fcck C-D, Satz Schornsteinwerkzeug, Verkehrswarnleuchten, Leitkegelleuchten, Verkehrsleitkegel, Rolle Absperrband, Absperrstangen, Verteiler, Druckschl\u00e4uche B<\/p>\n<p><a href=\"https:\/\/ff-farmsen.de\/wp-content\/uploads\/2024\/08\/HLF-rechts-scaled.jpg\"><img loading=\"lazy\" decoding=\"async\" src=\"https:\/\/ff-farmsen.de\/wp-content\/uploads\/2024\/08\/HLF-rechts-1024x625.jpg\" alt=\"\" width=\"860\" height=\"525\" class=\"aligncenter size-large wp-image-2479\" srcset=\"https:\/\/ff-farmsen.de\/wp-content\/uploads\/2024\/08\/HLF-rechts-1024x625.jpg 1024w, https:\/\/ff-farmsen.de\/wp-content\/uploads\/2024\/08\/HLF-rechts-300x183.jpg 300w, https:\/\/ff-farmsen.de\/wp-content\/uploads\/2024\/08\/HLF-rechts-768x469.jpg 768w, https:\/\/ff-farmsen.de\/wp-content\/uploads\/2024\/08\/HLF-rechts-1536x937.jpg 1536w, https:\/\/ff-farmsen.de\/wp-content\/uploads\/2024\/08\/HLF-rechts-2048x1250.jpg 2048w\" sizes=\"auto, (max-width: 860px) 100vw, 860px\" \/><\/a><\/p>\n<p><strong>Ger\u00e4teraum 2<\/strong><\/p>\n<p>Mulden, Kanister \u00d6lbindemittel, Schlauchbr\u00fccken, Wasserrettungsrucksack, \u00dcbergangsst\u00fcck 400 V \/ 230 V, 3-fach Abzweigst\u00fcck 230 V, Personenschutzschalter, Leitungsroller 230 V, Leitungsroller 400 V, Stativ mit Zubeh\u00f6r, Flutlichttrage, Motorkettens\u00e4gen mit Zubeh\u00f6r, Ersatzketten, Mehrzweckkeile, Schnitt- und F\u00e4llkeile, Schnittschutzhosen, Schutzhelme, Schnittschutzgamaschen, T\u00fcr-\/Fenster\u00f6ffnungsrucksack, Tauchpumpe TP 4, Tauchpumpe TP 8, Steckleiterverbindungsteil, Akku &#8211; Trennschleifer, Trennscheiben, Akku &#8211; S\u00e4bels\u00e4ge, Ersatzbl\u00e4tter, Geh\u00f6rschutzkapseln, Geh\u00f6rschutzst\u00f6psel, Schutzbrillen, Stromerzeuger, Abgasschlauch, Betankungsset<\/p>\n<p><strong>Ger\u00e4teraum 4<\/strong><\/p>\n<p>Schlauchboot, Paddel, Bootshaken, Satz Handwerkzeug \u201eGas\/Wasser&#8220;, Satz Verbrauchsmaterial, Satz Grundwerkzeug 1, Satz Grundwerkzeug 2, Satz Elektrowerkzeug, EH &#8211; Rucksack, Defibrillator, Rucksack \u201eInhalation&#8220;, Vakuumschienenset<\/p>\n<p><strong>Ger\u00e4teraum 6<\/strong><\/p>\n<p>Druckschlauch DN 25\/50 m,Hohlstrahlrohre C, Hohlstrahlrohr B, Strahlrohr B, St\u00fctzkr\u00fcmmer, \u00dcbergangsst\u00fccke B-C, Reduzierst\u00fcck UFH-Schl\u00fcssel, Paar Schachthaken, Schaumstrahlrohr M\/S 4, Feuerl\u00f6scher KS 5, Feuerl\u00f6scher PG 12, Hydrex-L\u00f6scher, Zusatz f\u00fcr Hydrex-L\u00f6scher, Nageleisen, Holzaxt, Halligan &#8211; Tool, TNT &#8211; Tool, FireAxe, Hygieneboard, Stiefelb\u00fcrste, Rolle M\u00fclls\u00e4cke, Kurbel f\u00fcr SA &#8211; Haspel, Verteiler, Druckschlauche B, Ansaugschlauch D 1500, Ansaugschlauch D-D 1500<\/p>\n<p><strong>Ger\u00e4teraum R<\/strong><\/p>\n<p>Druckschlauch B, 5 m, Kupplungsschl\u00fcssel, \u00dcberganggsst\u00fcck A-B<\/p>\n<p><strong>Heck<\/strong><\/p>\n<p>Unterlegkeile, Abgasschlauch, Schlauchhaspel, Standrohr, Schl\u00fcssel B, Schl\u00fcssel C, Kupplungsschl\u00fcssel<\/p>\n<p><strong>Dach<\/strong><\/p>\n<p>Schiebleiter, Steckleiter, Einrei\u00dfhaken, Federstahlstangen, Teleskopasts\u00e4ge, Saugschl\u00e4uche, Saugkorb<\/p>\n<hr \/>\n<p><a href=\"http:\/\/ff-farmsen.de\/?page_id=16\">Technik<\/a> |<a href=\"http:\/\/ff-farmsen.de\/?page_id=2408\">HLF 20<\/a> | <a href=\"http:\/\/ff-farmsen.de\/?page_id=39\">LF 16 KatS<\/a> | <a href=\"http:\/\/ff-farmsen.de\/?page_id=41\">Schutzkleidung<\/a> | <a href=\"http:\/\/ff-farmsen.de\/?page_id=43\">Alarmierung<\/a><\/p>\n","protected":false},"excerpt":{"rendered":"<p>Bei dem Fahrzeug handelt es sich um ein Hilfeleistungsl\u00f6schfahrzeug 20 f\u00fcr 9 Einsatzkr\u00e4fte (Mercedes Atego 1630 AF, Farbe RAL 3026 leuchtrot, Baujahr 2023, 300 PS). Es hat ein Gesamtgewicht von 16 Tonnen bei einer L\u00e4nge von 8,6 Metern (einschlie\u00dflich Haspel) bzw. 7,7 Metern (ohne Haspel), einer Breite von 2,5 Metern und einer H\u00f6he von 3,3 Metern. Der Aufbau kommt von<\/p>\n","protected":false},"author":1,"featured_media":0,"parent":16,"menu_order":0,"comment_status":"closed","ping_status":"closed","template":"","meta":{"footnotes":""},"class_list":["post-2408","page","type-page","status-publish","hentry"],"_links":{"self":[{"href":"https:\/\/ff-farmsen.de\/index.php?rest_route=\/wp\/v2\/pages\/2408","targetHints":{"allow":["GET"]}}],"collection":[{"href":"https:\/\/ff-farmsen.de\/index.php?rest_route=\/wp\/v2\/pages"}],"about":[{"href":"https:\/\/ff-farmsen.de\/index.php?rest_route=\/wp\/v2\/types\/page"}],"author":[{"embeddable":true,"href":"https:\/\/ff-farmsen.de\/index.php?rest_route=\/wp\/v2\/users\/1"}],"replies":[{"embeddable":true,"href":"https:\/\/ff-farmsen.de\/index.php?rest_route=%2Fwp%2Fv2%2Fcomments&post=2408"}],"version-history":[{"count":26,"href":"https:\/\/ff-farmsen.de\/index.php?rest_route=\/wp\/v2\/pages\/2408\/revisions"}],"predecessor-version":[{"id":2775,"href":"https:\/\/ff-farmsen.de\/index.php?rest_route=\/wp\/v2\/pages\/2408\/revisions\/2775"}],"up":[{"embeddable":true,"href":"https:\/\/ff-farmsen.de\/index.php?rest_route=\/wp\/v2\/pages\/16"}],"wp:attachment":[{"href":"https:\/\/ff-farmsen.de\/index.php?rest_route=%2Fwp%2Fv2%2Fmedia&parent=2408"}],"curies":[{"name":"wp","href":"https:\/\/api.w.org\/{rel}","templated":true}]}}