{"id":216,"date":"2017-03-06T22:37:56","date_gmt":"2017-03-06T21:37:56","guid":{"rendered":"http:\/\/ff-farmsen.de\/?page_id=216"},"modified":"2019-10-28T00:09:04","modified_gmt":"2019-10-27T23:09:04","slug":"beitrittserklaerung","status":"publish","type":"page","link":"https:\/\/ff-farmsen.de\/?page_id=216","title":{"rendered":"Beitrittserkl\u00e4rung"},"content":{"rendered":"<p>Wenn Sie Mitglied unseres F\u00f6rdervereins werden m\u00f6chten, so k\u00f6nnen Sie die das Formular f\u00fcr die Beitrittserkl\u00e4ung hier herunterladen.<\/p>\n<p><a href=\"https:\/\/ff-farmsen.de\/wp-content\/uploads\/2019\/10\/Beitrittserkla\u0308rung-Fo\u0308rdermitglied.pdf\"><img loading=\"lazy\" decoding=\"async\" class=\"aligncenter wp-image-219 size-thumbnail\" src=\"https:\/\/ff-farmsen.de\/wp-content\/uploads\/2017\/03\/pdf-icon-4-150x150.png\" alt=\"\" width=\"150\" height=\"150\" srcset=\"https:\/\/ff-farmsen.de\/wp-content\/uploads\/2017\/03\/pdf-icon-4-150x150.png 150w, https:\/\/ff-farmsen.de\/wp-content\/uploads\/2017\/03\/pdf-icon-4-90x90.png 90w, https:\/\/ff-farmsen.de\/wp-content\/uploads\/2017\/03\/pdf-icon-4-75x75.png 75w\" sizes=\"auto, (max-width: 150px) 100vw, 150px\" \/><\/a><\/p>\n<hr \/>\n<p><a href=\"http:\/\/ff-farmsen.de\/?page_id=20\">F\u00f6rderverein<\/a> |<a href=\"http:\/\/ff-farmsen.de\/?page_id=28\">Kontakt<\/a> | <a href=\"http:\/\/ff-farmsen.de\/?page_id=216\">Beitrittserkl\u00e4rung<\/a> | <a href=\"http:\/\/ff-farmsen.de\/?page_id=26\">Spenden<\/a> | <a href=\"http:\/\/ff-farmsen.de\/?page_id=24\">Satzung<\/a>\u00a0| <a href=\"http:\/\/ff-farmsen.de\/?page_id=808\">Gesch\u00e4ftsberichte<\/a><\/p>\n","protected":false},"excerpt":{"rendered":"<p>Wenn Sie Mitglied unseres F\u00f6rdervereins werden m\u00f6chten, so k\u00f6nnen Sie die das Formular f\u00fcr die Beitrittserkl\u00e4ung hier herunterladen. F\u00f6rderverein |Kontakt | Beitrittserkl\u00e4rung | Spenden | Satzung\u00a0| Gesch\u00e4ftsberichte<\/p>\n","protected":false},"author":1,"featured_media":0,"parent":20,"menu_order":0,"comment_status":"closed","ping_status":"closed","template":"","meta":{"footnotes":""},"class_list":["post-216","page","type-page","status-publish","hentry"],"_links":{"self":[{"href":"https:\/\/ff-farmsen.de\/index.php?rest_route=\/wp\/v2\/pages\/216","targetHints":{"allow":["GET"]}}],"collection":[{"href":"https:\/\/ff-farmsen.de\/index.php?rest_route=\/wp\/v2\/pages"}],"about":[{"href":"https:\/\/ff-farmsen.de\/index.php?rest_route=\/wp\/v2\/types\/page"}],"author":[{"embeddable":true,"href":"https:\/\/ff-farmsen.de\/index.php?rest_route=\/wp\/v2\/users\/1"}],"replies":[{"embeddable":true,"href":"https:\/\/ff-farmsen.de\/index.php?rest_route=%2Fwp%2Fv2%2Fcomments&post=216"}],"version-history":[{"count":13,"href":"https:\/\/ff-farmsen.de\/index.php?rest_route=\/wp\/v2\/pages\/216\/revisions"}],"predecessor-version":[{"id":982,"href":"https:\/\/ff-farmsen.de\/index.php?rest_route=\/wp\/v2\/pages\/216\/revisions\/982"}],"up":[{"embeddable":true,"href":"https:\/\/ff-farmsen.de\/index.php?rest_route=\/wp\/v2\/pages\/20"}],"wp:attachment":[{"href":"https:\/\/ff-farmsen.de\/index.php?rest_route=%2Fwp%2Fv2%2Fmedia&parent=216"}],"curies":[{"name":"wp","href":"https:\/\/api.w.org\/{rel}","templated":true}]}}