{"id":20,"date":"2016-11-16T15:46:55","date_gmt":"2016-11-16T14:46:55","guid":{"rendered":"http:\/\/ff-farmsen.de\/?page_id=20"},"modified":"2018-11-12T22:00:00","modified_gmt":"2018-11-12T21:00:00","slug":"foerderverein","status":"publish","type":"page","link":"https:\/\/ff-farmsen.de\/?page_id=20","title":{"rendered":"F\u00f6rderverein"},"content":{"rendered":"<p><strong><em>Retten &#8211; L\u00f6schen &#8211;\u00a0<\/em><\/strong><strong><em>Bergen &#8211; Sch\u00fctzen<\/em><\/strong><\/p>\n<p>Diesen Aufgaben stellen sich die Mitglieder der Freiwilligen Feuerwehr Farmsen bei rund 100 Eins\u00e4tzen j\u00e4hrlich immer wieder aufs Neue. Sie sind dazu bereit, den B\u00fcrgerinnen und B\u00fcrgern bei Gefahr sowie in h\u00f6chster Not beizustehen und zu helfen:<\/p>\n<p>365 Tage im Jahr<\/p>\n<p><strong>unentgeltlich \u2013 ehrenamtlich<\/strong><\/p>\n<div id=\"metaslider-id-781\" style=\"max-width: 1280px; margin: 0 auto;\" class=\"ml-slider-3-107-0 metaslider metaslider-flex metaslider-781 ml-slider has-dots-nav ms-theme-default\" role=\"region\" aria-label=\"F\u00f6rderverein\" data-height=\"853\" data-width=\"1280\">\n    <div id=\"metaslider_container_781\">\n        <div id=\"metaslider_781\">\n            <ul class='slides'>\n                <li style=\"display: block; width: 100%;\" class=\"slide-787 ms-image \" aria-roledescription=\"slide\" data-date=\"2018-11-02 11:20:00\" data-filename=\"tornado-1280x853.jpg\" data-slide-type=\"image\"><img loading=\"lazy\" decoding=\"async\" src=\"https:\/\/ff-farmsen.de\/wp-content\/uploads\/2018\/11\/tornado-1280x853.jpg\" height=\"853\" width=\"1280\" alt=\"\" class=\"slider-781 slide-787 msDefaultImage\" title=\"tornado\" \/><\/li>\n                <li style=\"display: none; width: 100%;\" class=\"slide-788 ms-image \" aria-roledescription=\"slide\" data-date=\"2018-11-02 11:20:00\" data-filename=\"1-38klein3-1280x853.jpg\" data-slide-type=\"image\"><img loading=\"lazy\" decoding=\"async\" src=\"https:\/\/ff-farmsen.de\/wp-content\/uploads\/2018\/11\/1-38klein3-1280x853.jpg\" height=\"853\" width=\"1280\" alt=\"\" class=\"slider-781 slide-788 msDefaultImage\" title=\"1 (38)klein3\" \/><\/li>\n                <li style=\"display: none; width: 100%;\" class=\"slide-789 ms-image \" aria-roledescription=\"slide\" data-date=\"2018-11-02 11:20:01\" data-filename=\"Verkehrsunfall_SteinHardenber_klein-873x582.jpg\" data-slide-type=\"image\"><img loading=\"lazy\" decoding=\"async\" src=\"https:\/\/ff-farmsen.de\/wp-content\/uploads\/2018\/11\/Verkehrsunfall_SteinHardenber_klein-873x582.jpg\" height=\"853\" width=\"1280\" alt=\"\" class=\"slider-781 slide-789 msDefaultImage\" title=\"Verkehrsunfall 1 Toter Stein-Hardenberg-Stra\u00dfe\" \/><\/li>\n                <li style=\"display: none; width: 100%;\" class=\"slide-790 ms-image \" aria-roledescription=\"slide\" data-date=\"2018-11-02 11:20:01\" data-filename=\"FF-Farmsen-bei-Nacht-bearbeitet2-klein-1280x853.jpg\" data-slide-type=\"image\"><img loading=\"lazy\" decoding=\"async\" src=\"https:\/\/ff-farmsen.de\/wp-content\/uploads\/2018\/11\/FF-Farmsen-bei-Nacht-bearbeitet2-klein-1280x853.jpg\" height=\"853\" width=\"1280\" alt=\"\" class=\"slider-781 slide-790 msDefaultImage\" title=\"FF Farmsen bei Nacht bearbeitet2-klein\" \/><\/li>\n                <li style=\"display: none; width: 100%;\" class=\"slide-791 ms-image \" aria-roledescription=\"slide\" data-date=\"2018-11-02 11:20:01\" data-filename=\"FF-und-JF-Farmsen-2015-Fyler2-1280x853.jpg\" data-slide-type=\"image\"><img loading=\"lazy\" decoding=\"async\" src=\"https:\/\/ff-farmsen.de\/wp-content\/uploads\/2018\/11\/FF-und-JF-Farmsen-2015-Fyler2-1280x853.jpg\" height=\"853\" width=\"1280\" alt=\"\" class=\"slider-781 slide-791 msDefaultImage\" title=\"FF und JF Farmsen 2015 (Fyler2)\" \/><\/li>\n            <\/ul>\n        <\/div>\n        \n    <\/div>\n<\/div>\n<p>Der F\u00f6rderverein der Freiwilligen Feuerwehr Farmsen e.V. hat es sich zur Aufgabe gemacht, dieses Engagement zu unterst\u00fctzen und Ausbildung, Weiterbildung sowie Ausr\u00fcstung und Kameradschaft unserer Feuerwehrleute zu f\u00f6rdern.<\/p>\n<p>In den vergangenen Jahren konnte unser anerkannt gemeinn\u00fctziger F\u00f6rderverein sowohl die Einsatzabteilung als auch die Jugendfeuerwehr in Farmsen bei diversen Anschaffungen f\u00fcr die Aus\u00fcbung ihrer ehrenamtlichen T\u00e4tigkeit unterst\u00fctzen.<\/p>\n<p>Fordern Sie gern unseren Gesch\u00e4ftsbericht an!<\/p>\n<p>Werden Sie Mitglied in unserem F\u00f6rderverein und helfen Sie uns, die Freiwillige Feuerwehr Farmsen auch weiterhin zu unterst\u00fctzen. Bitte klicken Sie hier:\u00a0<a href=\"http:\/\/ff-farmsen.de\/?page_id=216\">Beitrittserkl\u00e4rung<\/a><\/p>\n<p>F\u00fcr Spenden sind wir dankbar. Sie erhalten hierf\u00fcr gerne eine steuerlich absetzbare Spendenbescheinigung von uns.\u00a0 Bitte klicken sie hier: <a href=\"http:\/\/ff-farmsen.de\/?page_id=26\">Spende<\/a><\/p>\n<p><strong>Der Vorstand des F\u00f6rdervereins der Freiwilligen Feuerwehr Farmsen e.V.<\/strong><\/p>\n<hr \/>\n<p><a href=\"http:\/\/ff-farmsen.de\/?page_id=20\">F\u00f6rderverein<\/a> |<a href=\"http:\/\/ff-farmsen.de\/?page_id=28\">Kontakt<\/a> | <a href=\"http:\/\/ff-farmsen.de\/?page_id=216\">Beitrittserkl\u00e4rung<\/a> | <a href=\"http:\/\/ff-farmsen.de\/?page_id=26\">Spenden<\/a> | <a href=\"http:\/\/ff-farmsen.de\/?page_id=24\">Satzung<\/a>\u00a0| <a href=\"http:\/\/ff-farmsen.de\/?page_id=808\">Gesch\u00e4ftsberichte<\/a><\/p>\n","protected":false},"excerpt":{"rendered":"<p>Retten &#8211; L\u00f6schen &#8211;\u00a0Bergen &#8211; Sch\u00fctzen Diesen Aufgaben stellen sich die Mitglieder der Freiwilligen Feuerwehr Farmsen bei rund 100 Eins\u00e4tzen j\u00e4hrlich immer wieder aufs Neue. Sie sind dazu bereit, den B\u00fcrgerinnen und B\u00fcrgern bei Gefahr sowie in h\u00f6chster Not beizustehen und zu helfen: 365 Tage im Jahr unentgeltlich \u2013 ehrenamtlich Der F\u00f6rderverein der Freiwilligen Feuerwehr Farmsen e.V. hat es sich<\/p>\n","protected":false},"author":1,"featured_media":0,"parent":0,"menu_order":0,"comment_status":"closed","ping_status":"closed","template":"","meta":{"footnotes":""},"class_list":["post-20","page","type-page","status-publish","hentry"],"_links":{"self":[{"href":"https:\/\/ff-farmsen.de\/index.php?rest_route=\/wp\/v2\/pages\/20","targetHints":{"allow":["GET"]}}],"collection":[{"href":"https:\/\/ff-farmsen.de\/index.php?rest_route=\/wp\/v2\/pages"}],"about":[{"href":"https:\/\/ff-farmsen.de\/index.php?rest_route=\/wp\/v2\/types\/page"}],"author":[{"embeddable":true,"href":"https:\/\/ff-farmsen.de\/index.php?rest_route=\/wp\/v2\/users\/1"}],"replies":[{"embeddable":true,"href":"https:\/\/ff-farmsen.de\/index.php?rest_route=%2Fwp%2Fv2%2Fcomments&post=20"}],"version-history":[{"count":17,"href":"https:\/\/ff-farmsen.de\/index.php?rest_route=\/wp\/v2\/pages\/20\/revisions"}],"predecessor-version":[{"id":822,"href":"https:\/\/ff-farmsen.de\/index.php?rest_route=\/wp\/v2\/pages\/20\/revisions\/822"}],"wp:attachment":[{"href":"https:\/\/ff-farmsen.de\/index.php?rest_route=%2Fwp%2Fv2%2Fmedia&parent=20"}],"curies":[{"name":"wp","href":"https:\/\/api.w.org\/{rel}","templated":true}]}}