{"id":116,"date":"2016-12-07T20:22:53","date_gmt":"2016-12-07T19:22:53","guid":{"rendered":"http:\/\/ff-farmsen.de\/?page_id=116"},"modified":"2026-01-06T17:56:30","modified_gmt":"2026-01-06T16:56:30","slug":"einsaetze","status":"publish","type":"page","link":"https:\/\/ff-farmsen.de\/?page_id=116","title":{"rendered":"Eins\u00e4tze"},"content":{"rendered":"<p><strong>Aktuelle Eins\u00e4tze 2026<\/strong><\/p>\n\n<table id=\"tablepress-21\" class=\"tablepress tablepress-id-21\">\n<thead>\n<tr class=\"row-1\">\n\t<th class=\"column-1\">Einsatz-Nr.:<\/th><th class=\"column-2\">Datum \/ Uhrzeit: <\/th><th class=\"column-3\">Schadensart:<\/th><th class=\"column-4\">Ort:<\/th><th class=\"column-5\">Lage:<\/th>\n<\/tr>\n<\/thead>\n<tbody class=\"row-striping row-hover\">\n<tr class=\"row-2\">\n\t<td class=\"column-1\">045<\/td><td class=\"column-2\">11.04.2026 \/ 08:31 Uhr<\/td><td class=\"column-3\">Feuer<\/td><td class=\"column-4\">Jahnkeweg<\/td><td class=\"column-5\">\u00fcberhitzte Stromleitung<\/td>\n<\/tr>\n<tr class=\"row-3\">\n\t<td class=\"column-1\">044<\/td><td class=\"column-2\">11.04.2026 \/ 03:48 Uhr<\/td><td class=\"column-3\">Feuer<\/td><td class=\"column-4\">Wagnerkoppel<\/td><td class=\"column-5\">defekter Heimwarnmelder gab Anlass zur Alarmierung<\/td>\n<\/tr>\n<tr class=\"row-4\">\n\t<td class=\"column-1\">043<\/td><td class=\"column-2\">10.04.2026 \/ 15:36 Uhr<\/td><td class=\"column-3\">Feuer<\/td><td class=\"column-4\">Ahrensburger Stra\u00dfe<\/td><td class=\"column-5\">brannte Essen auf Herd<\/td>\n<\/tr>\n<tr class=\"row-5\">\n\t<td class=\"column-1\">042<\/td><td class=\"column-2\">07.04.2026 \/ 22:37 Uhr<\/td><td class=\"column-3\">Feuer<\/td><td class=\"column-4\">Moorgrund<\/td><td class=\"column-5\">brannte Feuerwerksbatterie im Treppenhaus<\/td>\n<\/tr>\n<tr class=\"row-6\">\n\t<td class=\"column-1\">041<\/td><td class=\"column-2\">04.04.2026 \/ 21:58 Uhr<\/td><td class=\"column-3\">Feuer klein<\/td><td class=\"column-4\">Eydtkuhnenweg<\/td><td class=\"column-5\">brannten Reste eine Lagerfeuers ohne Aufsicht<\/td>\n<\/tr>\n<tr class=\"row-7\">\n\t<td class=\"column-1\">040<\/td><td class=\"column-2\">04.04.2026 \/ 20:04 Uhr<\/td><td class=\"column-3\">Feuer klein<\/td><td class=\"column-4\">Weidkoppel<\/td><td class=\"column-5\">Wiederentz\u00fcnden eines Lagerfeuers ohne Aufsicht<\/td>\n<\/tr>\n<tr class=\"row-8\">\n\t<td class=\"column-1\">039<\/td><td class=\"column-2\">04.04.2026 \/ 18:10 Uhr<\/td><td class=\"column-3\">Feuer klein<\/td><td class=\"column-4\">Hegholt<\/td><td class=\"column-5\">Osterfeuer gab Anlass zur Alarmierung<\/td>\n<\/tr>\n<tr class=\"row-9\">\n\t<td class=\"column-1\">038<\/td><td class=\"column-2\">02.04.2026 \/ 22:09 Uhr<\/td><td class=\"column-3\">Feuer klein<\/td><td class=\"column-4\">August-Krogmann-Stra\u00dfe<\/td><td class=\"column-5\">brannte Unrat im Bahnhof<\/td>\n<\/tr>\n<tr class=\"row-10\">\n\t<td class=\"column-1\">037<\/td><td class=\"column-2\">29.03.2026 \/ 16:06 Uhr<\/td><td class=\"column-3\">Feuer klein<\/td><td class=\"column-4\">Neusurenland<\/td><td class=\"column-5\">brannte Baumstumpf<\/td>\n<\/tr>\n<tr class=\"row-11\">\n\t<td class=\"column-1\">036<\/td><td class=\"column-2\">28.03.2026 \/ 23:39 Uhr<\/td><td class=\"column-3\">Feuer<\/td><td class=\"column-4\">Weidkoppel<\/td><td class=\"column-5\">brannte Gartenschuppen<\/td>\n<\/tr>\n<tr class=\"row-12\">\n\t<td class=\"column-1\">035<\/td><td class=\"column-2\">21.03.2026 \/ 13:19 Uhr<\/td><td class=\"column-3\">Feuer klein<\/td><td class=\"column-4\">August-Krogmann-Stra\u00dfe<\/td><td class=\"column-5\">brannte M\u00fcllbeh\u00e4lter<\/td>\n<\/tr>\n<tr class=\"row-13\">\n\t<td class=\"column-1\">034<\/td><td class=\"column-2\">19.03.2026 \/ 15:21 Uhr<\/td><td class=\"column-3\">Feuer Brandmeldeanlage<\/td><td class=\"column-4\">Am Stadtrand<\/td><td class=\"column-5\">brannte Essen auf Herd<\/td>\n<\/tr>\n<tr class=\"row-14\">\n\t<td class=\"column-1\">033<\/td><td class=\"column-2\">16.03.2026 \/ 17:47 Uhr<\/td><td class=\"column-3\">Feuer Brandmeldeanlage<\/td><td class=\"column-4\">Tegelweg<\/td><td class=\"column-5\">brannte Essen auf Herd<\/td>\n<\/tr>\n<tr class=\"row-15\">\n\t<td class=\"column-1\">032<\/td><td class=\"column-2\">14.03.2026 \/ 21:20 Uhr<\/td><td class=\"column-3\">Notfalleinsatz<\/td><td class=\"column-4\">Pillauer Stra\u00dfe<\/td><td class=\"column-5\">1 Person nach Unfall zweier PKWs ins Krankenhaus<\/td>\n<\/tr>\n<tr class=\"row-16\">\n\t<td class=\"column-1\">031<\/td><td class=\"column-2\">14.03.2026 \/ 19:54 Uhr<\/td><td class=\"column-3\">Feuer<\/td><td class=\"column-4\">Friedrich-Ebert-Damm<\/td><td class=\"column-5\">brannte K\u00fcche<\/td>\n<\/tr>\n<tr class=\"row-17\">\n\t<td class=\"column-1\">030<\/td><td class=\"column-2\">13.03.2026 \/ 10:39 Uhr<\/td><td class=\"column-3\">Droht zu fallen<\/td><td class=\"column-4\">Fahrenkr\u00f6n<\/td><td class=\"column-5\">lose \u00c4ste im Baum<\/td>\n<\/tr>\n<tr class=\"row-18\">\n\t<td class=\"column-1\">029<\/td><td class=\"column-2\">13.03.2026 \/ 06:10 Uhr<\/td><td class=\"column-3\">Feuer Brandmeldeanlage<\/td><td class=\"column-4\">August-Krogmann-Stra\u00dfe<\/td><td class=\"column-5\">keine Feststellung<\/td>\n<\/tr>\n<tr class=\"row-19\">\n\t<td class=\"column-1\">028<\/td><td class=\"column-2\">12.03.2026 \/ 00:03 Uhr<\/td><td class=\"column-3\">Feuer Brandmeldeanlage<\/td><td class=\"column-4\">Fahrenkr\u00f6n<\/td><td class=\"column-5\">angebranntes Toast gab Anlass zur Alarmierung<\/td>\n<\/tr>\n<tr class=\"row-20\">\n\t<td class=\"column-1\">027<\/td><td class=\"column-2\">08.03.2026 \/ 18:14 Uhr<\/td><td class=\"column-3\">Feuer<\/td><td class=\"column-4\">Anneliese-Tuchel-Weg<\/td><td class=\"column-5\">brannte Essen auf Herd<\/td>\n<\/tr>\n<tr class=\"row-21\">\n\t<td class=\"column-1\">026<\/td><td class=\"column-2\">08.03.2026 \/ 18:10 Uhr<\/td><td class=\"column-3\">Feuer klein<\/td><td class=\"column-4\">August-Krogmann-Stra\u00dfe<\/td><td class=\"column-5\">brannte M\u00fcllbeh\u00e4lter<\/td>\n<\/tr>\n<tr class=\"row-22\">\n\t<td class=\"column-1\">025<\/td><td class=\"column-2\">23.02.2026 \/ 19:49 Uhr<\/td><td class=\"column-3\">Feuer<\/td><td class=\"column-4\">Hohnerkamp<\/td><td class=\"column-5\">Brandgeruch in Zwischendecke<\/td>\n<\/tr>\n<tr class=\"row-23\">\n\t<td class=\"column-1\">024<\/td><td class=\"column-2\">22.02.2026 \/ 12:00 Uhr<\/td><td class=\"column-3\">Feuer<\/td><td class=\"column-4\">Bullskamp<\/td><td class=\"column-5\">brannte Essen auf Herd<\/td>\n<\/tr>\n<tr class=\"row-24\">\n\t<td class=\"column-1\">023<\/td><td class=\"column-2\">13.02.2026 \/ 19:33 Uhr<\/td><td class=\"column-3\">Feuer interner Brandmelder<\/td><td class=\"column-4\">Max-Herz-Ring<\/td><td class=\"column-5\">defekter Rauchmelder gab Anlass zur Alarmierung<\/td>\n<\/tr>\n<tr class=\"row-25\">\n\t<td class=\"column-1\">022<\/td><td class=\"column-2\">12.02.2026 \/ 01:07 Uhr<\/td><td class=\"column-3\">Feuer<\/td><td class=\"column-4\">Meilerstra\u00dfe<\/td><td class=\"column-5\">St\u00f6rung der Rauchansauganlage<\/td>\n<\/tr>\n<tr class=\"row-26\">\n\t<td class=\"column-1\">021<\/td><td class=\"column-2\">09.02.2026 \/ 10:11 Uhr<\/td><td class=\"column-3\">Feuer<\/td><td class=\"column-4\">Marienburger Stra\u00dfe<\/td><td class=\"column-5\">brannte Essen auf Herd<\/td>\n<\/tr>\n<tr class=\"row-27\">\n\t<td class=\"column-1\">020<\/td><td class=\"column-2\">09.02.2026 \/ 03:04 Uhr<\/td><td class=\"column-3\">Feuer Brandmeldeanlage<\/td><td class=\"column-4\">Dorothea-Buck-Stra\u00dfe<\/td><td class=\"column-5\">Wasserdampf l\u00f6ste Brandmelder aus<\/td>\n<\/tr>\n<tr class=\"row-28\">\n\t<td class=\"column-1\">019<\/td><td class=\"column-2\">08.02.2026 \/ 05:19 Uhr<\/td><td class=\"column-3\">Technische Hilfe mit Menschenleben in Gefahr durch Kohlenmonoxid<\/td><td class=\"column-4\">Weissenhof<\/td><td class=\"column-5\">3 Personen nach CO-Vergiftung durch Grill ins Krankenhaus<\/td>\n<\/tr>\n<tr class=\"row-29\">\n\t<td class=\"column-1\">018<\/td><td class=\"column-2\">21.01.2026 \/ 15:32 Uhr<\/td><td class=\"column-3\">Feuer<\/td><td class=\"column-4\">Mandelweg<\/td><td class=\"column-5\">brannte Ofen im Keller<\/td>\n<\/tr>\n<tr class=\"row-30\">\n\t<td class=\"column-1\">017<\/td><td class=\"column-2\">20.01.2026 \/ 20:15 Uhr<\/td><td class=\"column-3\">Feuer klein<\/td><td class=\"column-4\">August-Krogmann-Stra\u00dfe<\/td><td class=\"column-5\">brannte M\u00fcllcontainer<\/td>\n<\/tr>\n<tr class=\"row-31\">\n\t<td class=\"column-1\">016<\/td><td class=\"column-2\">19.01.2026 \/ 22:22 Uhr<\/td><td class=\"column-3\">Feuer Brandmeldeanlage<\/td><td class=\"column-4\">Rahlstedter Weg<\/td><td class=\"column-5\">St\u00f6rung in der Brandmeldeanlage<\/td>\n<\/tr>\n<tr class=\"row-32\">\n\t<td class=\"column-1\">015<\/td><td class=\"column-2\">16.01.2026 \/ 20:48 Uhr<\/td><td class=\"column-3\">Feuer<\/td><td class=\"column-4\">Haldesdorfer Stra\u00dfe<\/td><td class=\"column-5\">brannte Essen auf Herd<\/td>\n<\/tr>\n<tr class=\"row-33\">\n\t<td class=\"column-1\">014<\/td><td class=\"column-2\">16.01.2026 \/ 15:55 Uhr<\/td><td class=\"column-3\">Feuer<\/td><td class=\"column-4\">Neusurenland<\/td><td class=\"column-5\">Essensd\u00fcnste gaben Anlass zur Alarmierung<\/td>\n<\/tr>\n<tr class=\"row-34\">\n\t<td class=\"column-1\">013<\/td><td class=\"column-2\">14.01.2026 \/ 17:37 Uhr<\/td><td class=\"column-3\">Feuer<\/td><td class=\"column-4\">Anneliese Tuchel-Weg<\/td><td class=\"column-5\">brannte Essen auf Herd<\/td>\n<\/tr>\n<tr class=\"row-35\">\n\t<td class=\"column-1\">012<\/td><td class=\"column-2\">12.01.2026 \/ 18:03 Uhr<\/td><td class=\"column-3\">Feuer 2. Alarmstufe mit Massenanfall an Verletzten<\/td><td class=\"column-4\">Anneliese-Tuchel-Weg<\/td><td class=\"column-5\">Wohnungsbrand - mehrere Personen mit Rauchgasvergiftung<\/td>\n<\/tr>\n<tr class=\"row-36\">\n\t<td class=\"column-1\">011<\/td><td class=\"column-2\">12.01.2026 \/ 12:04 Uhr<\/td><td class=\"column-3\">Droht zu fallen<\/td><td class=\"column-4\">Berner Heerweg<\/td><td class=\"column-5\">Eiszapfen drohten auf Gehweg zu fallen<\/td>\n<\/tr>\n<tr class=\"row-37\">\n\t<td class=\"column-1\">010<\/td><td class=\"column-2\">06.01.2026 \/ 00:51 Uhr<\/td><td class=\"column-3\">Feuer Brandmeldeanlage<\/td><td class=\"column-4\">August-Krogmann-Stra\u00dfe<\/td><td class=\"column-5\">St\u00f6rung in der Brandmeldeanlage<\/td>\n<\/tr>\n<tr class=\"row-38\">\n\t<td class=\"column-1\">009<\/td><td class=\"column-2\">04.01.2026 \/ 17:56 Uhr<\/td><td class=\"column-3\">Feuer<\/td><td class=\"column-4\">Swebenh\u00f6he<\/td><td class=\"column-5\">brannte Heizpilz auf Terrasse<\/td>\n<\/tr>\n<tr class=\"row-39\">\n\t<td class=\"column-1\">008<\/td><td class=\"column-2\">04.01.2026 \/ 10:30 Uhr<\/td><td class=\"column-3\">Feuer klein<\/td><td class=\"column-4\">August-Krogmann-Stra\u00dfe<\/td><td class=\"column-5\">brannte M\u00fcllbeh\u00e4lter<\/td>\n<\/tr>\n<tr class=\"row-40\">\n\t<td class=\"column-1\">007<\/td><td class=\"column-2\">03.01.2026 \/ 20:59 Uhr<\/td><td class=\"column-3\">Droht zu fallen<\/td><td class=\"column-4\">Feldschmiede<\/td><td class=\"column-5\">Ast auf Gehweg gefallen<\/td>\n<\/tr>\n<tr class=\"row-41\">\n\t<td class=\"column-1\">006<\/td><td class=\"column-2\">02.01.2026 \/ 09:47 Uhr<\/td><td class=\"column-3\">Feuer Brandmeldeanlage<\/td><td class=\"column-4\">August-Krogmann-Stra\u00dfe<\/td><td class=\"column-5\">angeheizter Ofen gab Anlass zur Alarmierung<\/td>\n<\/tr>\n<tr class=\"row-42\">\n\t<td class=\"column-1\">005<\/td><td class=\"column-2\">01.01.2026 \/ 12:45 Uhr<\/td><td class=\"column-3\">Feuer<\/td><td class=\"column-4\">M\u00fctzendorpsteed<\/td><td class=\"column-5\">brannte Essen im Topf<\/td>\n<\/tr>\n<tr class=\"row-43\">\n\t<td class=\"column-1\">004<\/td><td class=\"column-2\">01.01.2026 \/ 06:10 Uhr<\/td><td class=\"column-3\">Feuer klein<\/td><td class=\"column-4\">Vom-Berge-Weg<\/td><td class=\"column-5\">brannte Unrat<\/td>\n<\/tr>\n<tr class=\"row-44\">\n\t<td class=\"column-1\">003<\/td><td class=\"column-2\">01.01.2026 \/ 05:35 Uhr<\/td><td class=\"column-3\">Feuer klein<\/td><td class=\"column-4\">Bramfelder Weg<\/td><td class=\"column-5\">brannte Unrat<\/td>\n<\/tr>\n<tr class=\"row-45\">\n\t<td class=\"column-1\">002<\/td><td class=\"column-2\">01.01.2026 \/ 01:01 Uhr<\/td><td class=\"column-3\">Feuer klein<\/td><td class=\"column-4\">Hermelinweg<\/td><td class=\"column-5\">brannte Unrat<\/td>\n<\/tr>\n<tr class=\"row-46\">\n\t<td class=\"column-1\">001<\/td><td class=\"column-2\">01.01.2026 \/ 00:48 Uhr<\/td><td class=\"column-3\">Feuer klein<\/td><td class=\"column-4\">Mahlhaus<\/td><td class=\"column-5\">brannte M\u00fcllcontainer<\/td>\n<\/tr>\n<\/tbody>\n<\/table>\n<!-- #tablepress-21 from cache -->\n<p><strong>Archiv<\/strong><\/p>\n<p><a href=\"http:\/\/ff-farmsen.de\/?page_id=586\">Eins\u00e4tze 2017<\/a><\/p>\n<p><a href=\"http:\/\/ff-farmsen.de\/?page_id=851\">Eins\u00e4tze 2018<\/a><\/p>\n<p><a href=\"https:\/\/ff-farmsen.de\/?page_id=1008\">Eins\u00e4tze 2019<\/a><\/p>\n<p><a href=\"https:\/\/ff-farmsen.de\/?page_id=1214\">Eins\u00e4tze 2020<\/a><\/p>\n<p><a href=\"https:\/\/ff-farmsen.de\/?page_id=1425\">Eins\u00e4tze 2021<\/a><\/p>\n<p><a href=\"https:\/\/ff-farmsen.de\/?page_id=1881\">Eins\u00e4tze 2022<\/a><\/p>\n<p><a href=\"https:\/\/ff-farmsen.de\/?page_id=2171\">Eins\u00e4tze 2023<\/a><\/p>\n<p><a href=\"https:\/\/ff-farmsen.de\/?page_id=2597\">Eins\u00e4tze 2024<\/a><\/p>\n<p><a href=\"https:\/\/ff-farmsen.de\/?page_id=2924\">Eins\u00e4tze 2025<\/a><\/p>\n<p>&nbsp;<\/p>\n<p>&nbsp;<\/p>\n<hr \/>\n<p><a href=\"http:\/\/ff-farmsen.de\/?page_id=45\">Wehr<\/a> |<a href=\"http:\/\/ff-farmsen.de\/?page_id=14\">Dienstplan<\/a> | <a href=\"http:\/\/ff-farmsen.de\/?page_id=1748\">Mannschaft<\/a> | <a href=\"http:\/\/ff-farmsen.de\/?page_id=116\">Eins\u00e4tze<\/a> | <a href=\"http:\/\/ff-farmsen.de\/?page_id=5\">Geschichte<\/a><\/p>\n","protected":false},"excerpt":{"rendered":"<p>Aktuelle Eins\u00e4tze 2026 Archiv Eins\u00e4tze 2017 Eins\u00e4tze 2018 Eins\u00e4tze 2019 Eins\u00e4tze 2020 Eins\u00e4tze 2021 Eins\u00e4tze 2022 Eins\u00e4tze 2023 Eins\u00e4tze 2024 Eins\u00e4tze 2025 &nbsp; &nbsp; Wehr |Dienstplan | Mannschaft | Eins\u00e4tze | Geschichte<\/p>\n","protected":false},"author":1,"featured_media":0,"parent":45,"menu_order":0,"comment_status":"closed","ping_status":"closed","template":"","meta":{"footnotes":""},"class_list":["post-116","page","type-page","status-publish","hentry"],"_links":{"self":[{"href":"https:\/\/ff-farmsen.de\/index.php?rest_route=\/wp\/v2\/pages\/116","targetHints":{"allow":["GET"]}}],"collection":[{"href":"https:\/\/ff-farmsen.de\/index.php?rest_route=\/wp\/v2\/pages"}],"about":[{"href":"https:\/\/ff-farmsen.de\/index.php?rest_route=\/wp\/v2\/types\/page"}],"author":[{"embeddable":true,"href":"https:\/\/ff-farmsen.de\/index.php?rest_route=\/wp\/v2\/users\/1"}],"replies":[{"embeddable":true,"href":"https:\/\/ff-farmsen.de\/index.php?rest_route=%2Fwp%2Fv2%2Fcomments&post=116"}],"version-history":[{"count":30,"href":"https:\/\/ff-farmsen.de\/index.php?rest_route=\/wp\/v2\/pages\/116\/revisions"}],"predecessor-version":[{"id":2929,"href":"https:\/\/ff-farmsen.de\/index.php?rest_route=\/wp\/v2\/pages\/116\/revisions\/2929"}],"up":[{"embeddable":true,"href":"https:\/\/ff-farmsen.de\/index.php?rest_route=\/wp\/v2\/pages\/45"}],"wp:attachment":[{"href":"https:\/\/ff-farmsen.de\/index.php?rest_route=%2Fwp%2Fv2%2Fmedia&parent=116"}],"curies":[{"name":"wp","href":"https:\/\/api.w.org\/{rel}","templated":true}]}}